{"id":4207,"date":"2023-01-30T15:03:15","date_gmt":"2023-01-30T13:03:15","guid":{"rendered":"https:\/\/dkn-technology.com\/product\/ems-bike-emb-600\/"},"modified":"2025-02-13T11:31:44","modified_gmt":"2025-02-13T09:31:44","slug":"ems-bike-emb-600","status":"publish","type":"product","link":"https:\/\/dkn-technology.com\/fr\/produit\/ems-bike-emb-600\/","title":{"rendered":"EMS-bike EMB-600"},"content":{"rendered":"<p>Le syst\u00e8me Two Stage Drive cr\u00e9e une grande sensation d&rsquo;inertie et g\u00e9n\u00e8re une transition douce et agr\u00e9able entre les niveaux de r\u00e9sistance. Ce rapport de transmission plus \u00e9lev\u00e9 offre un mouvement en douceur.<br \/>\nLes p\u00e9dales extra large coupl\u00e9es \u00e0 une inclinaison vers l&rsquo;int\u00e9rieur de 2 degr\u00e9s procurent une position d\u2019entra\u00eenement extr\u00eamement confortable.<\/p>\n<p>Au c\u0153ur de l\u2019EMB-600 est son syst\u00e8me EMS (Syst\u00e8me de freinage \u00e9lectromagn\u00e9tique). La charge de travail peut atteindre une r\u00e9sistance compl\u00e8te en moins de 5 secondes, ce qui fait de ce v\u00e9lo une entra\u00eeneur HIIT parfait (intervalles \u00e0 haute intensit\u00e9).<\/p>\n<p>Li\u00e9e \u00e0 un jeu d&rsquo;inertie de 16 kg, cette machine d\u00e9livre 500 watts. Vous pouvez entreprendre un entra\u00eenement cardio s\u00e9rieux et effectuer des exercices d&rsquo;intervalle qui vous aideront \u00e0 tonifier et \u00e0 tailler votre corps entier.<\/p>\n<p>Ce v\u00e9lo dispose d&rsquo;un m\u00e9canisme de r\u00e9glage de la hauteur du si\u00e8ge et d&rsquo;une extra-large pour une exp\u00e9rience de conduite plus confortable.<\/p>\n<p>Le guidon allong\u00e9 avec Multi-Grip offre une prise en main tr\u00e8s confortable et une grande vari\u00e9t\u00e9 de positions pour un entra\u00eenement cibl\u00e9 du tronc et du haut du corps. Ce positionnement permet \u2018Le Biking\u2019 au debout \u00e0 haute vitesse ainsi que des s\u00e9ances d&rsquo;endurance assis sans avoir \u00e0 changer la position du guidon lui-m\u00eame.<\/p>\n<p>&nbsp;<\/p>\n<p>L&rsquo;ordinateur offer un large choix de programmes vari\u00e9s. Trente-deux niveaux de r\u00e9sistance sont disponibles, contr\u00f4l\u00e9s num\u00e9riquement, et la gamme est adapt\u00e9e aux d\u00e9butants et aux sportifs avanc\u00e9s.<br \/>\nLe poids maximum de l&rsquo;utilisateur est de 180 kg.<\/p>\n<p>La console LCD permet \u00e0 4 utilisateurs de configurer leurs profils individuels en fonction de l&rsquo;\u00e2ge, du sexe, du poids et de la taille. Ces donn\u00e9es sont ensuite utilis\u00e9es par l&rsquo;ordinateur pour calibrer la r\u00e9troaction fournie, comme le temps, la distance, le r\u00e9gime, l&rsquo;estimation des calories br\u00fbl\u00e9es et l&rsquo;effort d\u00e9pens\u00e9 (mesur\u00e9 en watts).<\/p>\n<p>La console offre 12 programmes pr\u00e9r\u00e9gl\u00e9s, mesure de la fr\u00e9quence cardiaque sans fil Blue tooth (avec le tracker Cardio Connect ou sangle pectorale en option), un programme utilisateur personnalisable et un programme de watts constant.<br \/>\nUn ventilateur \u00e0 2 vitesses est int\u00e9gr\u00e9 de s\u00e9rie.<\/p>\n<p>Porte-gourde extra large et tr\u00e8s pratique pour d\u00e9poser votre smartphone, vos cl\u00e9s, une bouteille ou tout ce dont vous avez besoin pendant votre entra\u00eenement.<\/p>\n<p>L&rsquo;EMB-600 est compatible avec plusieurs applications pour offrir une exp\u00e9rience d&rsquo;entra\u00eenement plus r\u00e9aliste.<\/p>\n<p>Le partenariat avec Kinomap vous offre l&rsquo;acc\u00e8s \u00e0 certains des itin\u00e9raires les plus populaires, y compris une communaut\u00e9 d&rsquo;utilisateurs de fitness dans le monde entier.<\/p>\n<p>Bottom Line:<br \/>\nUn v\u00e9lo fiable et durable. \u2018Solide comme un Rocher\u2019. Un vrai booster, construit pour performer exceptionnellement.<\/p>\n","protected":false},"excerpt":{"rendered":"<div class=\"center-block col-xs-6 col-sm-7 col-md-6\">\n<div id=\"short_description_block\">\n<div id=\"short_description_content\" class=\"rte align_justify\">\n<div class=\"center-block col-xs-6 col-sm-7 col-md-6\">\n<p class=\"product-desc\">Le v\u00e9lo d&rsquo;appartement haut de gamme EMB-600: la qualit\u00e9 d&rsquo;une machine commerciale \u00e0 votre gymnase \u00e0 domicile. Ce v\u00e9lo Premium se classe parmi les machines&#8230;<\/p>\n<\/div>\n<\/div>\n<\/div>\n<\/div>\n","protected":false},"featured_media":9635,"template":"","meta":{"_acf_changed":false,"inline_featured_image":false,"_monsterinsights_skip_tracking":false,"_monsterinsights_sitenote_active":false,"_monsterinsights_sitenote_note":"","_monsterinsights_sitenote_category":0},"product_brand":[],"product_cat":[77],"product_tag":[],"class_list":{"0":"post-4207","1":"product","2":"type-product","3":"status-publish","4":"has-post-thumbnail","6":"product_cat-velos-dexercice","7":"product_shipping_class-jusqua-100-kg","9":"first","10":"instock","11":"taxable","12":"shipping-taxable","13":"purchasable","14":"product-type-variable","15":"has-default-attributes"},"acf":[],"yoast_head":"<!-- This site is optimized with the Yoast SEO plugin v27.3 - https:\/\/yoast.com\/product\/yoast-seo-wordpress\/ -->\n<title>EMS-bike EMB-600 - DKN-Technology<\/title>\n<meta name=\"robots\" content=\"index, follow, max-snippet:-1, max-image-preview:large, max-video-preview:-1\" \/>\n<link rel=\"canonical\" href=\"https:\/\/dkn-technology.com\/fr\/produit\/ems-bike-emb-600\/\" \/>\n<meta property=\"og:locale\" content=\"fr_FR\" \/>\n<meta property=\"og:type\" content=\"article\" \/>\n<meta property=\"og:title\" content=\"EMS-bike EMB-600 - DKN-Technology\" \/>\n<meta property=\"og:description\" content=\"Le v\u00e9lo d&#039;appartement haut de gamme EMB-600: la qualit\u00e9 d&#039;une machine commerciale \u00e0 votre gymnase \u00e0 domicile. Ce v\u00e9lo Premium se classe parmi les machines...\" \/>\n<meta property=\"og:url\" content=\"https:\/\/dkn-technology.com\/fr\/produit\/ems-bike-emb-600\/\" \/>\n<meta property=\"og:site_name\" content=\"DKN-Technology\" \/>\n<meta property=\"article:publisher\" content=\"https:\/\/www.facebook.com\/dkntechnology\/\" \/>\n<meta property=\"article:modified_time\" content=\"2025-02-13T09:31:44+00:00\" \/>\n<meta property=\"og:image\" content=\"https:\/\/dkn-technology.com\/wp-content\/uploads\/2023\/01\/EMS-600-01.jpg\" \/>\n\t<meta property=\"og:image:width\" content=\"1067\" \/>\n\t<meta property=\"og:image:height\" content=\"1067\" \/>\n\t<meta property=\"og:image:type\" content=\"image\/jpeg\" \/>\n<meta name=\"twitter:card\" content=\"summary_large_image\" \/>\n<meta name=\"twitter:label1\" content=\"Dur\u00e9e de lecture estim\u00e9e\" \/>\n\t<meta name=\"twitter:data1\" content=\"3 minutes\" \/>\n<script type=\"application\/ld+json\" class=\"yoast-schema-graph\">{\"@context\":\"https:\\\/\\\/schema.org\",\"@graph\":[{\"@type\":\"WebPage\",\"@id\":\"https:\\\/\\\/dkn-technology.com\\\/fr\\\/produit\\\/ems-bike-emb-600\\\/\",\"url\":\"https:\\\/\\\/dkn-technology.com\\\/fr\\\/produit\\\/ems-bike-emb-600\\\/\",\"name\":\"EMS-bike EMB-600 - DKN-Technology\",\"isPartOf\":{\"@id\":\"https:\\\/\\\/dkn-technology.com\\\/#website\"},\"primaryImageOfPage\":{\"@id\":\"https:\\\/\\\/dkn-technology.com\\\/fr\\\/produit\\\/ems-bike-emb-600\\\/#primaryimage\"},\"image\":{\"@id\":\"https:\\\/\\\/dkn-technology.com\\\/fr\\\/produit\\\/ems-bike-emb-600\\\/#primaryimage\"},\"thumbnailUrl\":\"https:\\\/\\\/dkn-technology.com\\\/wp-content\\\/uploads\\\/2023\\\/01\\\/EMS-600-01.jpg\",\"datePublished\":\"2023-01-30T13:03:15+00:00\",\"dateModified\":\"2025-02-13T09:31:44+00:00\",\"breadcrumb\":{\"@id\":\"https:\\\/\\\/dkn-technology.com\\\/fr\\\/produit\\\/ems-bike-emb-600\\\/#breadcrumb\"},\"inLanguage\":\"fr-FR\",\"potentialAction\":[{\"@type\":\"ReadAction\",\"target\":[\"https:\\\/\\\/dkn-technology.com\\\/fr\\\/produit\\\/ems-bike-emb-600\\\/\"]}]},{\"@type\":\"ImageObject\",\"inLanguage\":\"fr-FR\",\"@id\":\"https:\\\/\\\/dkn-technology.com\\\/fr\\\/produit\\\/ems-bike-emb-600\\\/#primaryimage\",\"url\":\"https:\\\/\\\/dkn-technology.com\\\/wp-content\\\/uploads\\\/2023\\\/01\\\/EMS-600-01.jpg\",\"contentUrl\":\"https:\\\/\\\/dkn-technology.com\\\/wp-content\\\/uploads\\\/2023\\\/01\\\/EMS-600-01.jpg\",\"width\":1067,\"height\":1067},{\"@type\":\"BreadcrumbList\",\"@id\":\"https:\\\/\\\/dkn-technology.com\\\/fr\\\/produit\\\/ems-bike-emb-600\\\/#breadcrumb\",\"itemListElement\":[{\"@type\":\"ListItem\",\"position\":1,\"name\":\"Home\",\"item\":\"https:\\\/\\\/dkn-technology.com\\\/nl\\\/\"},{\"@type\":\"ListItem\",\"position\":2,\"name\":\"Shop\",\"item\":\"https:\\\/\\\/dkn-technology.com\\\/fr\\\/shop\\\/\"},{\"@type\":\"ListItem\",\"position\":3,\"name\":\"EMS-bike EMB-600\"}]},{\"@type\":\"WebSite\",\"@id\":\"https:\\\/\\\/dkn-technology.com\\\/#website\",\"url\":\"https:\\\/\\\/dkn-technology.com\\\/\",\"name\":\"DKN-Technology\",\"description\":\"Smart Fitness Solutions\",\"publisher\":{\"@id\":\"https:\\\/\\\/dkn-technology.com\\\/#organization\"},\"potentialAction\":[{\"@type\":\"SearchAction\",\"target\":{\"@type\":\"EntryPoint\",\"urlTemplate\":\"https:\\\/\\\/dkn-technology.com\\\/?s={search_term_string}\"},\"query-input\":{\"@type\":\"PropertyValueSpecification\",\"valueRequired\":true,\"valueName\":\"search_term_string\"}}],\"inLanguage\":\"fr-FR\"},{\"@type\":\"Organization\",\"@id\":\"https:\\\/\\\/dkn-technology.com\\\/#organization\",\"name\":\"DKN-Technology\",\"url\":\"https:\\\/\\\/dkn-technology.com\\\/\",\"logo\":{\"@type\":\"ImageObject\",\"inLanguage\":\"fr-FR\",\"@id\":\"https:\\\/\\\/dkn-technology.com\\\/#\\\/schema\\\/logo\\\/image\\\/\",\"url\":\"https:\\\/\\\/dkn-technology.com\\\/wp-content\\\/uploads\\\/2023\\\/01\\\/DKN-logo@4x.webp\",\"contentUrl\":\"https:\\\/\\\/dkn-technology.com\\\/wp-content\\\/uploads\\\/2023\\\/01\\\/DKN-logo@4x.webp\",\"width\":1933,\"height\":1029,\"caption\":\"DKN-Technology\"},\"image\":{\"@id\":\"https:\\\/\\\/dkn-technology.com\\\/#\\\/schema\\\/logo\\\/image\\\/\"},\"sameAs\":[\"https:\\\/\\\/www.facebook.com\\\/dkntechnology\\\/\",\"https:\\\/\\\/instagram.com\\\/dkntechnology\",\"https:\\\/\\\/www.youtube.com\\\/@DKN-Technology\",\"https:\\\/\\\/www.linkedin.com\\\/company\\\/dkn-technology-smart-fitness-solutions\"]}]}<\/script>\n<!-- \/ Yoast SEO plugin. -->","yoast_head_json":{"title":"EMS-bike EMB-600 - DKN-Technology","robots":{"index":"index","follow":"follow","max-snippet":"max-snippet:-1","max-image-preview":"max-image-preview:large","max-video-preview":"max-video-preview:-1"},"canonical":"https:\/\/dkn-technology.com\/fr\/produit\/ems-bike-emb-600\/","og_locale":"fr_FR","og_type":"article","og_title":"EMS-bike EMB-600 - DKN-Technology","og_description":"Le v\u00e9lo d'appartement haut de gamme EMB-600: la qualit\u00e9 d'une machine commerciale \u00e0 votre gymnase \u00e0 domicile. Ce v\u00e9lo Premium se classe parmi les machines...","og_url":"https:\/\/dkn-technology.com\/fr\/produit\/ems-bike-emb-600\/","og_site_name":"DKN-Technology","article_publisher":"https:\/\/www.facebook.com\/dkntechnology\/","article_modified_time":"2025-02-13T09:31:44+00:00","og_image":[{"width":1067,"height":1067,"url":"https:\/\/dkn-technology.com\/wp-content\/uploads\/2023\/01\/EMS-600-01.jpg","type":"image\/jpeg"}],"twitter_card":"summary_large_image","twitter_misc":{"Dur\u00e9e de lecture estim\u00e9e":"3 minutes"},"schema":{"@context":"https:\/\/schema.org","@graph":[{"@type":"WebPage","@id":"https:\/\/dkn-technology.com\/fr\/produit\/ems-bike-emb-600\/","url":"https:\/\/dkn-technology.com\/fr\/produit\/ems-bike-emb-600\/","name":"EMS-bike EMB-600 - DKN-Technology","isPartOf":{"@id":"https:\/\/dkn-technology.com\/#website"},"primaryImageOfPage":{"@id":"https:\/\/dkn-technology.com\/fr\/produit\/ems-bike-emb-600\/#primaryimage"},"image":{"@id":"https:\/\/dkn-technology.com\/fr\/produit\/ems-bike-emb-600\/#primaryimage"},"thumbnailUrl":"https:\/\/dkn-technology.com\/wp-content\/uploads\/2023\/01\/EMS-600-01.jpg","datePublished":"2023-01-30T13:03:15+00:00","dateModified":"2025-02-13T09:31:44+00:00","breadcrumb":{"@id":"https:\/\/dkn-technology.com\/fr\/produit\/ems-bike-emb-600\/#breadcrumb"},"inLanguage":"fr-FR","potentialAction":[{"@type":"ReadAction","target":["https:\/\/dkn-technology.com\/fr\/produit\/ems-bike-emb-600\/"]}]},{"@type":"ImageObject","inLanguage":"fr-FR","@id":"https:\/\/dkn-technology.com\/fr\/produit\/ems-bike-emb-600\/#primaryimage","url":"https:\/\/dkn-technology.com\/wp-content\/uploads\/2023\/01\/EMS-600-01.jpg","contentUrl":"https:\/\/dkn-technology.com\/wp-content\/uploads\/2023\/01\/EMS-600-01.jpg","width":1067,"height":1067},{"@type":"BreadcrumbList","@id":"https:\/\/dkn-technology.com\/fr\/produit\/ems-bike-emb-600\/#breadcrumb","itemListElement":[{"@type":"ListItem","position":1,"name":"Home","item":"https:\/\/dkn-technology.com\/nl\/"},{"@type":"ListItem","position":2,"name":"Shop","item":"https:\/\/dkn-technology.com\/fr\/shop\/"},{"@type":"ListItem","position":3,"name":"EMS-bike EMB-600"}]},{"@type":"WebSite","@id":"https:\/\/dkn-technology.com\/#website","url":"https:\/\/dkn-technology.com\/","name":"DKN-Technology","description":"Smart Fitness Solutions","publisher":{"@id":"https:\/\/dkn-technology.com\/#organization"},"potentialAction":[{"@type":"SearchAction","target":{"@type":"EntryPoint","urlTemplate":"https:\/\/dkn-technology.com\/?s={search_term_string}"},"query-input":{"@type":"PropertyValueSpecification","valueRequired":true,"valueName":"search_term_string"}}],"inLanguage":"fr-FR"},{"@type":"Organization","@id":"https:\/\/dkn-technology.com\/#organization","name":"DKN-Technology","url":"https:\/\/dkn-technology.com\/","logo":{"@type":"ImageObject","inLanguage":"fr-FR","@id":"https:\/\/dkn-technology.com\/#\/schema\/logo\/image\/","url":"https:\/\/dkn-technology.com\/wp-content\/uploads\/2023\/01\/DKN-logo@4x.webp","contentUrl":"https:\/\/dkn-technology.com\/wp-content\/uploads\/2023\/01\/DKN-logo@4x.webp","width":1933,"height":1029,"caption":"DKN-Technology"},"image":{"@id":"https:\/\/dkn-technology.com\/#\/schema\/logo\/image\/"},"sameAs":["https:\/\/www.facebook.com\/dkntechnology\/","https:\/\/instagram.com\/dkntechnology","https:\/\/www.youtube.com\/@DKN-Technology","https:\/\/www.linkedin.com\/company\/dkn-technology-smart-fitness-solutions"]}]}},"_links":{"self":[{"href":"https:\/\/dkn-technology.com\/fr\/wp-json\/wp\/v2\/product\/4207","targetHints":{"allow":["GET"]}}],"collection":[{"href":"https:\/\/dkn-technology.com\/fr\/wp-json\/wp\/v2\/product"}],"about":[{"href":"https:\/\/dkn-technology.com\/fr\/wp-json\/wp\/v2\/types\/product"}],"version-history":[{"count":7,"href":"https:\/\/dkn-technology.com\/fr\/wp-json\/wp\/v2\/product\/4207\/revisions"}],"predecessor-version":[{"id":23078,"href":"https:\/\/dkn-technology.com\/fr\/wp-json\/wp\/v2\/product\/4207\/revisions\/23078"}],"wp:featuredmedia":[{"embeddable":true,"href":"https:\/\/dkn-technology.com\/fr\/wp-json\/wp\/v2\/media\/9635"}],"wp:attachment":[{"href":"https:\/\/dkn-technology.com\/fr\/wp-json\/wp\/v2\/media?parent=4207"}],"wp:term":[{"taxonomy":"product_brand","embeddable":true,"href":"https:\/\/dkn-technology.com\/fr\/wp-json\/wp\/v2\/product_brand?post=4207"},{"taxonomy":"product_cat","embeddable":true,"href":"https:\/\/dkn-technology.com\/fr\/wp-json\/wp\/v2\/product_cat?post=4207"},{"taxonomy":"product_tag","embeddable":true,"href":"https:\/\/dkn-technology.com\/fr\/wp-json\/wp\/v2\/product_tag?post=4207"}],"curies":[{"name":"wp","href":"https:\/\/api.w.org\/{rel}","templated":true}]}}