{"id":4208,"date":"2023-01-30T15:03:15","date_gmt":"2023-01-30T13:03:15","guid":{"rendered":"https:\/\/dkn-technology.com\/product\/recumbent-rb-5\/"},"modified":"2025-02-13T11:35:47","modified_gmt":"2025-02-13T09:35:47","slug":"recumbent-rb-5","status":"publish","type":"product","link":"https:\/\/dkn-technology.com\/fr\/produit\/recumbent-rb-5\/","title":{"rendered":"Recumbent Rb-5"},"content":{"rendered":"<p>Le RB-5: un v\u00e9lo assis d\u2019un excellent confort d\u2019utilisation, tout en ayant une tr\u00e8s bonne libert\u00e9 de mouvement et une pratique parfaite de l\u2019exercice sur la dur\u00e9e d\u2019entra\u00eenement.<\/p>\n<p>Gr\u00e2ce \u00e0 ses r\u00e9glages faciles, nous avons voulu permettre une adaptation \u00e0 la morphologie de chaque utilisateur et nous souhaitons proposer \u00e0 travers cette nouvelle ligne, un produit design, performant et int\u00e9grant un compteur ludique, motivant et facile d\u2019utilisation.<\/p>\n<p>Ce v\u00e9lo ergom\u00e8tre (\u00e9lectromagn\u00e9tique) est \u00e9quip\u00e9 d\u2019une roue d\u2019inertie de 11 kg, permettant d\u2019avoir un mouvement d\u2019exercice parfaitement silencieux et extr\u00eamement r\u00e9gulier.<\/p>\n<p>Le RB-5 ajoute un grand niveau de confort de l\u2019utilisateur.<\/p>\n<p>Une selle de type \u2018gel\u2019, ajustement de la hauteur du si\u00e8ge en \u2018one touch\u2019.<br \/>\nCet ergom\u00e8tre offre la position de conduite id\u00e9ale, pour presque chaque individu.<\/p>\n<p>Echelle de r\u00e9sistance de 10 \u00e0 400 Watts (par pas de 5 Watts). Id\u00e9al pour des entra\u00eenements cibl\u00e9s ou pour la r\u00e9\u00e9ducation.<\/p>\n<p>Le RB-5 offre une r\u00e9sistance contr\u00f4l\u00e9e automatiquement de 10 \u00e0 400 watts r\u00e9glable par intervalles de 5 watts, ce qui signifie que vous pouvez obtenir un entra\u00eenement beaucoup plus pr\u00e9cis et offre une large gamme d\u2019intensit\u00e9s pour tous les utilisateurs.<\/p>\n<p>Personal-Coaching: un \u00e9cran LCD surveillant toutes les fonctions simultan\u00e9ment: TPM, temps, distance, calories br\u00fbl\u00e9es, watt, fr\u00e9quence cardiaque, 24 niveaux et 12 parcours pr\u00e9programm\u00e9s.<\/p>\n<p>Acc\u00e9dez aux itin\u00e9raires Biking les plus populaires dans le confort de votre maison et t\u00e9l\u00e9chargez Kinomap.<\/p>\n<p>Pour offrir une exp\u00e9rience plus r\u00e9aliste, Kinomap utilise la fonction d&rsquo;inclinaison et de d\u00e9clin. Cr\u00e9ez simplement un itin\u00e9raire \u00e0 l&rsquo;aide des donn\u00e9es Google Map\u00a9, appuyez sur d\u00e9marrer et suivez la carte \u00e0 votre rythme!<\/p>\n<p>Dans iLog, vous pouvez enregistrer les statistiques cl\u00e9s apr\u00e8s chaque s\u00e9ance d&rsquo;exercice et partager vos sessions sur les r\u00e9seaux sociaux.<\/p>\n","protected":false},"excerpt":{"rendered":"<div class=\"center-block col-xs-6 col-sm-7 col-md-6\">\n<div class=\"center-block col-xs-6 col-sm-7 col-md-6\">\n<div class=\"center-block col-xs-6 col-sm-7 col-md-6\">\n<p class=\"product-desc\">Une tr\u00e8s bonne ergonomie: en fait un v\u00e9lo assis d\u2019un excellent confort d\u2019utilisation.<\/p>\n<\/div>\n<\/div>\n<\/div>\n","protected":false},"featured_media":9631,"template":"","meta":{"_acf_changed":false,"inline_featured_image":false,"_monsterinsights_skip_tracking":false,"_monsterinsights_sitenote_active":false,"_monsterinsights_sitenote_note":"","_monsterinsights_sitenote_category":0},"product_brand":[],"product_cat":[77],"product_tag":[],"class_list":{"0":"post-4208","1":"product","2":"type-product","3":"status-publish","4":"has-post-thumbnail","6":"product_cat-velos-dexercice","7":"product_shipping_class-jusqua-100-kg","9":"first","10":"outofstock","11":"taxable","12":"shipping-taxable","13":"purchasable","14":"product-type-variable","15":"has-default-attributes"},"acf":[],"yoast_head":"<!-- This site is optimized with the Yoast SEO plugin v27.5 - https:\/\/yoast.com\/product\/yoast-seo-wordpress\/ -->\n<title>Recumbent Rb-5 - DKN-Technology<\/title>\n<meta name=\"robots\" content=\"index, follow, max-snippet:-1, max-image-preview:large, max-video-preview:-1\" \/>\n<link rel=\"canonical\" href=\"https:\/\/dkn-technology.com\/fr\/produit\/recumbent-rb-5\/\" \/>\n<meta property=\"og:locale\" content=\"fr_FR\" \/>\n<meta property=\"og:type\" content=\"article\" \/>\n<meta property=\"og:title\" content=\"Recumbent Rb-5 - DKN-Technology\" \/>\n<meta property=\"og:description\" content=\"Une tr\u00e8s bonne ergonomie: en fait un v\u00e9lo assis d\u2019un excellent confort d\u2019utilisation.\" \/>\n<meta property=\"og:url\" content=\"https:\/\/dkn-technology.com\/fr\/produit\/recumbent-rb-5\/\" \/>\n<meta property=\"og:site_name\" content=\"DKN-Technology\" \/>\n<meta property=\"article:publisher\" content=\"https:\/\/www.facebook.com\/dkntechnology\/\" \/>\n<meta property=\"article:modified_time\" content=\"2025-02-13T09:35:47+00:00\" \/>\n<meta property=\"og:image\" content=\"https:\/\/dkn-technology.com\/wp-content\/uploads\/2023\/01\/RB-5-3-01.jpg\" \/>\n\t<meta property=\"og:image:width\" content=\"1067\" \/>\n\t<meta property=\"og:image:height\" content=\"1067\" \/>\n\t<meta property=\"og:image:type\" content=\"image\/jpeg\" \/>\n<meta name=\"twitter:card\" content=\"summary_large_image\" \/>\n<meta name=\"twitter:label1\" content=\"Dur\u00e9e de lecture estim\u00e9e\" \/>\n\t<meta name=\"twitter:data1\" content=\"2 minutes\" \/>\n<script type=\"application\/ld+json\" class=\"yoast-schema-graph\">{\"@context\":\"https:\\\/\\\/schema.org\",\"@graph\":[{\"@type\":\"WebPage\",\"@id\":\"https:\\\/\\\/dkn-technology.com\\\/fr\\\/produit\\\/recumbent-rb-5\\\/\",\"url\":\"https:\\\/\\\/dkn-technology.com\\\/fr\\\/produit\\\/recumbent-rb-5\\\/\",\"name\":\"Recumbent Rb-5 - DKN-Technology\",\"isPartOf\":{\"@id\":\"https:\\\/\\\/dkn-technology.com\\\/#website\"},\"primaryImageOfPage\":{\"@id\":\"https:\\\/\\\/dkn-technology.com\\\/fr\\\/produit\\\/recumbent-rb-5\\\/#primaryimage\"},\"image\":{\"@id\":\"https:\\\/\\\/dkn-technology.com\\\/fr\\\/produit\\\/recumbent-rb-5\\\/#primaryimage\"},\"thumbnailUrl\":\"https:\\\/\\\/dkn-technology.com\\\/wp-content\\\/uploads\\\/2023\\\/01\\\/RB-5-3-01.jpg\",\"datePublished\":\"2023-01-30T13:03:15+00:00\",\"dateModified\":\"2025-02-13T09:35:47+00:00\",\"breadcrumb\":{\"@id\":\"https:\\\/\\\/dkn-technology.com\\\/fr\\\/produit\\\/recumbent-rb-5\\\/#breadcrumb\"},\"inLanguage\":\"fr-FR\",\"potentialAction\":[{\"@type\":\"ReadAction\",\"target\":[\"https:\\\/\\\/dkn-technology.com\\\/fr\\\/produit\\\/recumbent-rb-5\\\/\"]}]},{\"@type\":\"ImageObject\",\"inLanguage\":\"fr-FR\",\"@id\":\"https:\\\/\\\/dkn-technology.com\\\/fr\\\/produit\\\/recumbent-rb-5\\\/#primaryimage\",\"url\":\"https:\\\/\\\/dkn-technology.com\\\/wp-content\\\/uploads\\\/2023\\\/01\\\/RB-5-3-01.jpg\",\"contentUrl\":\"https:\\\/\\\/dkn-technology.com\\\/wp-content\\\/uploads\\\/2023\\\/01\\\/RB-5-3-01.jpg\",\"width\":1067,\"height\":1067},{\"@type\":\"BreadcrumbList\",\"@id\":\"https:\\\/\\\/dkn-technology.com\\\/fr\\\/produit\\\/recumbent-rb-5\\\/#breadcrumb\",\"itemListElement\":[{\"@type\":\"ListItem\",\"position\":1,\"name\":\"Home\",\"item\":\"https:\\\/\\\/dkn-technology.com\\\/nl\\\/\"},{\"@type\":\"ListItem\",\"position\":2,\"name\":\"Shop\",\"item\":\"https:\\\/\\\/dkn-technology.com\\\/fr\\\/shop\\\/\"},{\"@type\":\"ListItem\",\"position\":3,\"name\":\"Recumbent Rb-5\"}]},{\"@type\":\"WebSite\",\"@id\":\"https:\\\/\\\/dkn-technology.com\\\/#website\",\"url\":\"https:\\\/\\\/dkn-technology.com\\\/\",\"name\":\"DKN-Technology\",\"description\":\"Smart Fitness Solutions\",\"publisher\":{\"@id\":\"https:\\\/\\\/dkn-technology.com\\\/#organization\"},\"potentialAction\":[{\"@type\":\"SearchAction\",\"target\":{\"@type\":\"EntryPoint\",\"urlTemplate\":\"https:\\\/\\\/dkn-technology.com\\\/?s={search_term_string}\"},\"query-input\":{\"@type\":\"PropertyValueSpecification\",\"valueRequired\":true,\"valueName\":\"search_term_string\"}}],\"inLanguage\":\"fr-FR\"},{\"@type\":\"Organization\",\"@id\":\"https:\\\/\\\/dkn-technology.com\\\/#organization\",\"name\":\"DKN-Technology\",\"url\":\"https:\\\/\\\/dkn-technology.com\\\/\",\"logo\":{\"@type\":\"ImageObject\",\"inLanguage\":\"fr-FR\",\"@id\":\"https:\\\/\\\/dkn-technology.com\\\/#\\\/schema\\\/logo\\\/image\\\/\",\"url\":\"https:\\\/\\\/dkn-technology.com\\\/wp-content\\\/uploads\\\/2023\\\/01\\\/DKN-logo@4x.webp\",\"contentUrl\":\"https:\\\/\\\/dkn-technology.com\\\/wp-content\\\/uploads\\\/2023\\\/01\\\/DKN-logo@4x.webp\",\"width\":1933,\"height\":1029,\"caption\":\"DKN-Technology\"},\"image\":{\"@id\":\"https:\\\/\\\/dkn-technology.com\\\/#\\\/schema\\\/logo\\\/image\\\/\"},\"sameAs\":[\"https:\\\/\\\/www.facebook.com\\\/dkntechnology\\\/\",\"https:\\\/\\\/instagram.com\\\/dkntechnology\",\"https:\\\/\\\/www.youtube.com\\\/@DKN-Technology\",\"https:\\\/\\\/www.linkedin.com\\\/company\\\/dkn-technology-smart-fitness-solutions\"]}]}<\/script>\n<!-- \/ Yoast SEO plugin. -->","yoast_head_json":{"title":"Recumbent Rb-5 - DKN-Technology","robots":{"index":"index","follow":"follow","max-snippet":"max-snippet:-1","max-image-preview":"max-image-preview:large","max-video-preview":"max-video-preview:-1"},"canonical":"https:\/\/dkn-technology.com\/fr\/produit\/recumbent-rb-5\/","og_locale":"fr_FR","og_type":"article","og_title":"Recumbent Rb-5 - DKN-Technology","og_description":"Une tr\u00e8s bonne ergonomie: en fait un v\u00e9lo assis d\u2019un excellent confort d\u2019utilisation.","og_url":"https:\/\/dkn-technology.com\/fr\/produit\/recumbent-rb-5\/","og_site_name":"DKN-Technology","article_publisher":"https:\/\/www.facebook.com\/dkntechnology\/","article_modified_time":"2025-02-13T09:35:47+00:00","og_image":[{"width":1067,"height":1067,"url":"https:\/\/dkn-technology.com\/wp-content\/uploads\/2023\/01\/RB-5-3-01.jpg","type":"image\/jpeg"}],"twitter_card":"summary_large_image","twitter_misc":{"Dur\u00e9e de lecture estim\u00e9e":"2 minutes"},"schema":{"@context":"https:\/\/schema.org","@graph":[{"@type":"WebPage","@id":"https:\/\/dkn-technology.com\/fr\/produit\/recumbent-rb-5\/","url":"https:\/\/dkn-technology.com\/fr\/produit\/recumbent-rb-5\/","name":"Recumbent Rb-5 - DKN-Technology","isPartOf":{"@id":"https:\/\/dkn-technology.com\/#website"},"primaryImageOfPage":{"@id":"https:\/\/dkn-technology.com\/fr\/produit\/recumbent-rb-5\/#primaryimage"},"image":{"@id":"https:\/\/dkn-technology.com\/fr\/produit\/recumbent-rb-5\/#primaryimage"},"thumbnailUrl":"https:\/\/dkn-technology.com\/wp-content\/uploads\/2023\/01\/RB-5-3-01.jpg","datePublished":"2023-01-30T13:03:15+00:00","dateModified":"2025-02-13T09:35:47+00:00","breadcrumb":{"@id":"https:\/\/dkn-technology.com\/fr\/produit\/recumbent-rb-5\/#breadcrumb"},"inLanguage":"fr-FR","potentialAction":[{"@type":"ReadAction","target":["https:\/\/dkn-technology.com\/fr\/produit\/recumbent-rb-5\/"]}]},{"@type":"ImageObject","inLanguage":"fr-FR","@id":"https:\/\/dkn-technology.com\/fr\/produit\/recumbent-rb-5\/#primaryimage","url":"https:\/\/dkn-technology.com\/wp-content\/uploads\/2023\/01\/RB-5-3-01.jpg","contentUrl":"https:\/\/dkn-technology.com\/wp-content\/uploads\/2023\/01\/RB-5-3-01.jpg","width":1067,"height":1067},{"@type":"BreadcrumbList","@id":"https:\/\/dkn-technology.com\/fr\/produit\/recumbent-rb-5\/#breadcrumb","itemListElement":[{"@type":"ListItem","position":1,"name":"Home","item":"https:\/\/dkn-technology.com\/nl\/"},{"@type":"ListItem","position":2,"name":"Shop","item":"https:\/\/dkn-technology.com\/fr\/shop\/"},{"@type":"ListItem","position":3,"name":"Recumbent Rb-5"}]},{"@type":"WebSite","@id":"https:\/\/dkn-technology.com\/#website","url":"https:\/\/dkn-technology.com\/","name":"DKN-Technology","description":"Smart Fitness Solutions","publisher":{"@id":"https:\/\/dkn-technology.com\/#organization"},"potentialAction":[{"@type":"SearchAction","target":{"@type":"EntryPoint","urlTemplate":"https:\/\/dkn-technology.com\/?s={search_term_string}"},"query-input":{"@type":"PropertyValueSpecification","valueRequired":true,"valueName":"search_term_string"}}],"inLanguage":"fr-FR"},{"@type":"Organization","@id":"https:\/\/dkn-technology.com\/#organization","name":"DKN-Technology","url":"https:\/\/dkn-technology.com\/","logo":{"@type":"ImageObject","inLanguage":"fr-FR","@id":"https:\/\/dkn-technology.com\/#\/schema\/logo\/image\/","url":"https:\/\/dkn-technology.com\/wp-content\/uploads\/2023\/01\/DKN-logo@4x.webp","contentUrl":"https:\/\/dkn-technology.com\/wp-content\/uploads\/2023\/01\/DKN-logo@4x.webp","width":1933,"height":1029,"caption":"DKN-Technology"},"image":{"@id":"https:\/\/dkn-technology.com\/#\/schema\/logo\/image\/"},"sameAs":["https:\/\/www.facebook.com\/dkntechnology\/","https:\/\/instagram.com\/dkntechnology","https:\/\/www.youtube.com\/@DKN-Technology","https:\/\/www.linkedin.com\/company\/dkn-technology-smart-fitness-solutions"]}]}},"_links":{"self":[{"href":"https:\/\/dkn-technology.com\/fr\/wp-json\/wp\/v2\/product\/4208","targetHints":{"allow":["GET"]}}],"collection":[{"href":"https:\/\/dkn-technology.com\/fr\/wp-json\/wp\/v2\/product"}],"about":[{"href":"https:\/\/dkn-technology.com\/fr\/wp-json\/wp\/v2\/types\/product"}],"version-history":[{"count":8,"href":"https:\/\/dkn-technology.com\/fr\/wp-json\/wp\/v2\/product\/4208\/revisions"}],"predecessor-version":[{"id":23090,"href":"https:\/\/dkn-technology.com\/fr\/wp-json\/wp\/v2\/product\/4208\/revisions\/23090"}],"wp:featuredmedia":[{"embeddable":true,"href":"https:\/\/dkn-technology.com\/fr\/wp-json\/wp\/v2\/media\/9631"}],"wp:attachment":[{"href":"https:\/\/dkn-technology.com\/fr\/wp-json\/wp\/v2\/media?parent=4208"}],"wp:term":[{"taxonomy":"product_brand","embeddable":true,"href":"https:\/\/dkn-technology.com\/fr\/wp-json\/wp\/v2\/product_brand?post=4208"},{"taxonomy":"product_cat","embeddable":true,"href":"https:\/\/dkn-technology.com\/fr\/wp-json\/wp\/v2\/product_cat?post=4208"},{"taxonomy":"product_tag","embeddable":true,"href":"https:\/\/dkn-technology.com\/fr\/wp-json\/wp\/v2\/product_tag?post=4208"}],"curies":[{"name":"wp","href":"https:\/\/api.w.org\/{rel}","templated":true}]}}