{"id":4209,"date":"2023-01-30T15:03:15","date_gmt":"2023-01-30T13:03:15","guid":{"rendered":"https:\/\/dkn-technology.com\/product\/indoor-cycle-pro-1\/"},"modified":"2024-08-09T10:09:30","modified_gmt":"2024-08-09T08:09:30","slug":"speedbike-pro-1","status":"publish","type":"product","link":"https:\/\/dkn-technology.com\/fr\/produit\/speedbike-pro-1\/","title":{"rendered":"Speedbike Pro-1"},"content":{"rendered":"<p>Le Pro-1 avec sa construction impeccable est construit pour le cycliste exigeant.<\/p>\n<p>Le ch\u00e2ssis triangulaire est \u200bd\u00e9veloppe, \u00e9tudi\u200b\u00e9\u200b et fabriqu\u00e9 sur\u200b \u200bune base structurelle \u00e9prouv\u00e9e de nouvelle g\u00e9n\u00e9ration pour une stabilit\u00e9 accrue.<br \/>\nIl est \u00e9quip\u00e9 de 4 niveleurs ind\u00e9pendants pour un ajustement facile sur les surfaces in\u00e9gales.<\/p>\n<p>Un\u200be\u200b courroie Poly V\u200b \u200bde haute performance assure une performance sans entretien et sans \u200b\u00e0 coups, tandis que les p\u00e9dales plate-forme plus grandes vous offrent le soutien d&rsquo;un clip traditionnel.<\/p>\n<p>Le syst\u00e8me brevet\u00e9 de freinage par \u200bune \u200bsimple pression \u200ben permettant un arr\u00eat d&rsquo;urgence \u200b\u00e0 l&rsquo;effort \u200boffre une performance. \u200bPourvu d&rsquo;un volant \u200bd&rsquo;inertie \u200ben acier haute densit\u00e9 d\u200b&rsquo;un poids de \u200b22 kg centr\u00e9 sur un axe \u200b\u00e9quip\u00e9 de roulements \u200bSKF\u200b,\u200b assure une \u200br\u00e9gularit\u00e9 de mouvement \u200blors de l&rsquo;entrainement, optimal.<\/p>\n<p>Le Pro-1 est \u00e9quip\u00e9 d&rsquo;une selle ergonomique avec assise flexible, rembourrage double densit\u00e9 et d\u00e9coupe anatomique, offrant un confort d\u200be cession d&rsquo;entrainement \u200bin\u00e9gal\u00e9, \u200bpermettant d&rsquo;accompagner l&rsquo;utilisateur sur une cession de biking plus longue<\/p>\n<p>La position d\u200bu\u200b si\u00e8ge est r\u00e9glable \u200ben profondeur et en hauteur et ce pour une \u200bparfaite \u200bergonomie\u200b.\u200b<\/p>\n<p>&nbsp;<\/p>\n<p>Une grande caract\u00e9ristique est l\u200be carter \u200bincorpor\u00e9e qui \u200bprot\u00e8ge \u200b\u200ble volant\u200b de la \u200bnocivit\u00e9 de la \u200bsueur.<br \/>\nLe Pro-1<br \/>\nest \u200bd\u00e9velopp\u00e9 pour une \u200bexploitation de \u200blongue dur\u00e9e\u200b int\u00e9grant \u200b une conception qui prot\u00e8ge \u200bune grande partie du cadre, l\u200be syst\u00e8me de \u200b r\u00e9sistance \u200b et le volant d&rsquo;inertie contre la transpiration ou\u200b \u200b\u200btoutes sorte de\u200b \u200bpoussieres.<\/p>\n<p>\u200bVous \u00eates cycliste, vous \u200bexigez beaucoup pour obtenir le bon r\u00e9glage pour votre v\u00e9lo de route.\u200b Les r\u00e9glage\u200bs\u200b sur \u200bLe Pro-1 vous aidera \u00e0 assurer \u200bun entra\u00eenement\u200b \u200boptimal pendant la p\u00e9riode hivernale\u200b tout en vous apportant une excellente \u200balternative\u200b \u00e0 l&rsquo;entrainement exterrieur\u200b.<\/p>\n<p>Les extra\u2019s:<\/p>\n<p>Con\u00e7u pour r\u00e9sister \u00e0 des charges plus importantes que les v\u00e9los conventionnels, Le Pro-1 dispose d&rsquo;un p\u00e9dalier \u200bde haute performance et de qualit\u00e9 industrielle.<\/p>\n<p>Con\u00e7u pour un usage intensif ou semi- professionnelle.<\/p>\n<p>Parfaitement adapt\u00e9 \u00e0 des cours collectifs ou de pr\u00e9paration physique.<\/p>\n<p>Console LCD: Vitesse, distance, TPM, Calories et poulse.<\/p>\n<p>Connection Bluetooth Smart: Zwift et Kinomap compatible.<\/p>\n","protected":false},"excerpt":{"rendered":"<div class=\"center-block col-xs-6 col-sm-7 col-md-6\">\n<div class=\"center-block col-xs-6 col-sm-7 col-md-6\">\n<div class=\"center-block col-xs-6 col-sm-7 col-md-6\">\n<p class=\"product-desc\">Un style in\u00e9gal\u00e9, une qualit\u00e9 Club: le Pro-1, un vrai v\u00e9lo indoor pour le vrai coureur.<\/p>\n<\/div>\n<\/div>\n<\/div>\n","protected":false},"featured_media":9627,"template":"","meta":{"_acf_changed":false,"inline_featured_image":false,"_monsterinsights_skip_tracking":false,"_monsterinsights_sitenote_active":false,"_monsterinsights_sitenote_note":"","_monsterinsights_sitenote_category":0},"product_brand":[],"product_cat":[101],"product_tag":[],"class_list":{"0":"post-4209","1":"product","2":"type-product","3":"status-publish","4":"has-post-thumbnail","6":"product_cat-indoor_bikes-fr","7":"product_shipping_class-jusqua-100-kg","9":"first","10":"outofstock","11":"taxable","12":"shipping-taxable","13":"purchasable","14":"product-type-variable","15":"has-default-attributes"},"acf":[],"yoast_head":"<!-- This site is optimized with the Yoast SEO plugin v27.4 - https:\/\/yoast.com\/product\/yoast-seo-wordpress\/ -->\n<title>Speedbike Pro-1 - DKN-Technology<\/title>\n<meta name=\"robots\" content=\"index, follow, max-snippet:-1, max-image-preview:large, max-video-preview:-1\" \/>\n<link rel=\"canonical\" href=\"https:\/\/dkn-technology.com\/fr\/produit\/speedbike-pro-1\/\" \/>\n<meta property=\"og:locale\" content=\"fr_FR\" \/>\n<meta property=\"og:type\" content=\"article\" \/>\n<meta property=\"og:title\" content=\"Speedbike Pro-1 - DKN-Technology\" \/>\n<meta property=\"og:description\" content=\"Un style in\u00e9gal\u00e9, une qualit\u00e9 Club: le Pro-1, un vrai v\u00e9lo indoor pour le vrai coureur.\" \/>\n<meta property=\"og:url\" content=\"https:\/\/dkn-technology.com\/fr\/produit\/speedbike-pro-1\/\" \/>\n<meta property=\"og:site_name\" content=\"DKN-Technology\" \/>\n<meta property=\"article:publisher\" content=\"https:\/\/www.facebook.com\/dkntechnology\/\" \/>\n<meta property=\"article:modified_time\" content=\"2024-08-09T08:09:30+00:00\" \/>\n<meta property=\"og:image\" content=\"https:\/\/dkn-technology.com\/wp-content\/uploads\/2023\/01\/pro-1-01.jpg\" \/>\n\t<meta property=\"og:image:width\" content=\"1067\" \/>\n\t<meta property=\"og:image:height\" content=\"1067\" \/>\n\t<meta property=\"og:image:type\" content=\"image\/jpeg\" \/>\n<meta name=\"twitter:card\" content=\"summary_large_image\" \/>\n<meta name=\"twitter:label1\" content=\"Dur\u00e9e de lecture estim\u00e9e\" \/>\n\t<meta name=\"twitter:data1\" content=\"2 minutes\" \/>\n<script type=\"application\/ld+json\" class=\"yoast-schema-graph\">{\"@context\":\"https:\\\/\\\/schema.org\",\"@graph\":[{\"@type\":\"WebPage\",\"@id\":\"https:\\\/\\\/dkn-technology.com\\\/fr\\\/produit\\\/speedbike-pro-1\\\/\",\"url\":\"https:\\\/\\\/dkn-technology.com\\\/fr\\\/produit\\\/speedbike-pro-1\\\/\",\"name\":\"Speedbike Pro-1 - DKN-Technology\",\"isPartOf\":{\"@id\":\"https:\\\/\\\/dkn-technology.com\\\/#website\"},\"primaryImageOfPage\":{\"@id\":\"https:\\\/\\\/dkn-technology.com\\\/fr\\\/produit\\\/speedbike-pro-1\\\/#primaryimage\"},\"image\":{\"@id\":\"https:\\\/\\\/dkn-technology.com\\\/fr\\\/produit\\\/speedbike-pro-1\\\/#primaryimage\"},\"thumbnailUrl\":\"https:\\\/\\\/dkn-technology.com\\\/wp-content\\\/uploads\\\/2023\\\/01\\\/pro-1-01.jpg\",\"datePublished\":\"2023-01-30T13:03:15+00:00\",\"dateModified\":\"2024-08-09T08:09:30+00:00\",\"breadcrumb\":{\"@id\":\"https:\\\/\\\/dkn-technology.com\\\/fr\\\/produit\\\/speedbike-pro-1\\\/#breadcrumb\"},\"inLanguage\":\"fr-FR\",\"potentialAction\":[{\"@type\":\"ReadAction\",\"target\":[\"https:\\\/\\\/dkn-technology.com\\\/fr\\\/produit\\\/speedbike-pro-1\\\/\"]}]},{\"@type\":\"ImageObject\",\"inLanguage\":\"fr-FR\",\"@id\":\"https:\\\/\\\/dkn-technology.com\\\/fr\\\/produit\\\/speedbike-pro-1\\\/#primaryimage\",\"url\":\"https:\\\/\\\/dkn-technology.com\\\/wp-content\\\/uploads\\\/2023\\\/01\\\/pro-1-01.jpg\",\"contentUrl\":\"https:\\\/\\\/dkn-technology.com\\\/wp-content\\\/uploads\\\/2023\\\/01\\\/pro-1-01.jpg\",\"width\":1067,\"height\":1067,\"caption\":\"Speed bike with zwift - Spinning fiets met zwift\"},{\"@type\":\"BreadcrumbList\",\"@id\":\"https:\\\/\\\/dkn-technology.com\\\/fr\\\/produit\\\/speedbike-pro-1\\\/#breadcrumb\",\"itemListElement\":[{\"@type\":\"ListItem\",\"position\":1,\"name\":\"Home\",\"item\":\"https:\\\/\\\/dkn-technology.com\\\/nl\\\/\"},{\"@type\":\"ListItem\",\"position\":2,\"name\":\"Shop\",\"item\":\"https:\\\/\\\/dkn-technology.com\\\/fr\\\/shop\\\/\"},{\"@type\":\"ListItem\",\"position\":3,\"name\":\"Speedbike Pro-1\"}]},{\"@type\":\"WebSite\",\"@id\":\"https:\\\/\\\/dkn-technology.com\\\/#website\",\"url\":\"https:\\\/\\\/dkn-technology.com\\\/\",\"name\":\"DKN-Technology\",\"description\":\"Smart Fitness Solutions\",\"publisher\":{\"@id\":\"https:\\\/\\\/dkn-technology.com\\\/#organization\"},\"potentialAction\":[{\"@type\":\"SearchAction\",\"target\":{\"@type\":\"EntryPoint\",\"urlTemplate\":\"https:\\\/\\\/dkn-technology.com\\\/?s={search_term_string}\"},\"query-input\":{\"@type\":\"PropertyValueSpecification\",\"valueRequired\":true,\"valueName\":\"search_term_string\"}}],\"inLanguage\":\"fr-FR\"},{\"@type\":\"Organization\",\"@id\":\"https:\\\/\\\/dkn-technology.com\\\/#organization\",\"name\":\"DKN-Technology\",\"url\":\"https:\\\/\\\/dkn-technology.com\\\/\",\"logo\":{\"@type\":\"ImageObject\",\"inLanguage\":\"fr-FR\",\"@id\":\"https:\\\/\\\/dkn-technology.com\\\/#\\\/schema\\\/logo\\\/image\\\/\",\"url\":\"https:\\\/\\\/dkn-technology.com\\\/wp-content\\\/uploads\\\/2023\\\/01\\\/DKN-logo@4x.webp\",\"contentUrl\":\"https:\\\/\\\/dkn-technology.com\\\/wp-content\\\/uploads\\\/2023\\\/01\\\/DKN-logo@4x.webp\",\"width\":1933,\"height\":1029,\"caption\":\"DKN-Technology\"},\"image\":{\"@id\":\"https:\\\/\\\/dkn-technology.com\\\/#\\\/schema\\\/logo\\\/image\\\/\"},\"sameAs\":[\"https:\\\/\\\/www.facebook.com\\\/dkntechnology\\\/\",\"https:\\\/\\\/instagram.com\\\/dkntechnology\",\"https:\\\/\\\/www.youtube.com\\\/@DKN-Technology\",\"https:\\\/\\\/www.linkedin.com\\\/company\\\/dkn-technology-smart-fitness-solutions\"]}]}<\/script>\n<!-- \/ Yoast SEO plugin. -->","yoast_head_json":{"title":"Speedbike Pro-1 - DKN-Technology","robots":{"index":"index","follow":"follow","max-snippet":"max-snippet:-1","max-image-preview":"max-image-preview:large","max-video-preview":"max-video-preview:-1"},"canonical":"https:\/\/dkn-technology.com\/fr\/produit\/speedbike-pro-1\/","og_locale":"fr_FR","og_type":"article","og_title":"Speedbike Pro-1 - DKN-Technology","og_description":"Un style in\u00e9gal\u00e9, une qualit\u00e9 Club: le Pro-1, un vrai v\u00e9lo indoor pour le vrai coureur.","og_url":"https:\/\/dkn-technology.com\/fr\/produit\/speedbike-pro-1\/","og_site_name":"DKN-Technology","article_publisher":"https:\/\/www.facebook.com\/dkntechnology\/","article_modified_time":"2024-08-09T08:09:30+00:00","og_image":[{"width":1067,"height":1067,"url":"https:\/\/dkn-technology.com\/wp-content\/uploads\/2023\/01\/pro-1-01.jpg","type":"image\/jpeg"}],"twitter_card":"summary_large_image","twitter_misc":{"Dur\u00e9e de lecture estim\u00e9e":"2 minutes"},"schema":{"@context":"https:\/\/schema.org","@graph":[{"@type":"WebPage","@id":"https:\/\/dkn-technology.com\/fr\/produit\/speedbike-pro-1\/","url":"https:\/\/dkn-technology.com\/fr\/produit\/speedbike-pro-1\/","name":"Speedbike Pro-1 - DKN-Technology","isPartOf":{"@id":"https:\/\/dkn-technology.com\/#website"},"primaryImageOfPage":{"@id":"https:\/\/dkn-technology.com\/fr\/produit\/speedbike-pro-1\/#primaryimage"},"image":{"@id":"https:\/\/dkn-technology.com\/fr\/produit\/speedbike-pro-1\/#primaryimage"},"thumbnailUrl":"https:\/\/dkn-technology.com\/wp-content\/uploads\/2023\/01\/pro-1-01.jpg","datePublished":"2023-01-30T13:03:15+00:00","dateModified":"2024-08-09T08:09:30+00:00","breadcrumb":{"@id":"https:\/\/dkn-technology.com\/fr\/produit\/speedbike-pro-1\/#breadcrumb"},"inLanguage":"fr-FR","potentialAction":[{"@type":"ReadAction","target":["https:\/\/dkn-technology.com\/fr\/produit\/speedbike-pro-1\/"]}]},{"@type":"ImageObject","inLanguage":"fr-FR","@id":"https:\/\/dkn-technology.com\/fr\/produit\/speedbike-pro-1\/#primaryimage","url":"https:\/\/dkn-technology.com\/wp-content\/uploads\/2023\/01\/pro-1-01.jpg","contentUrl":"https:\/\/dkn-technology.com\/wp-content\/uploads\/2023\/01\/pro-1-01.jpg","width":1067,"height":1067,"caption":"Speed bike with zwift - Spinning fiets met zwift"},{"@type":"BreadcrumbList","@id":"https:\/\/dkn-technology.com\/fr\/produit\/speedbike-pro-1\/#breadcrumb","itemListElement":[{"@type":"ListItem","position":1,"name":"Home","item":"https:\/\/dkn-technology.com\/nl\/"},{"@type":"ListItem","position":2,"name":"Shop","item":"https:\/\/dkn-technology.com\/fr\/shop\/"},{"@type":"ListItem","position":3,"name":"Speedbike Pro-1"}]},{"@type":"WebSite","@id":"https:\/\/dkn-technology.com\/#website","url":"https:\/\/dkn-technology.com\/","name":"DKN-Technology","description":"Smart Fitness Solutions","publisher":{"@id":"https:\/\/dkn-technology.com\/#organization"},"potentialAction":[{"@type":"SearchAction","target":{"@type":"EntryPoint","urlTemplate":"https:\/\/dkn-technology.com\/?s={search_term_string}"},"query-input":{"@type":"PropertyValueSpecification","valueRequired":true,"valueName":"search_term_string"}}],"inLanguage":"fr-FR"},{"@type":"Organization","@id":"https:\/\/dkn-technology.com\/#organization","name":"DKN-Technology","url":"https:\/\/dkn-technology.com\/","logo":{"@type":"ImageObject","inLanguage":"fr-FR","@id":"https:\/\/dkn-technology.com\/#\/schema\/logo\/image\/","url":"https:\/\/dkn-technology.com\/wp-content\/uploads\/2023\/01\/DKN-logo@4x.webp","contentUrl":"https:\/\/dkn-technology.com\/wp-content\/uploads\/2023\/01\/DKN-logo@4x.webp","width":1933,"height":1029,"caption":"DKN-Technology"},"image":{"@id":"https:\/\/dkn-technology.com\/#\/schema\/logo\/image\/"},"sameAs":["https:\/\/www.facebook.com\/dkntechnology\/","https:\/\/instagram.com\/dkntechnology","https:\/\/www.youtube.com\/@DKN-Technology","https:\/\/www.linkedin.com\/company\/dkn-technology-smart-fitness-solutions"]}]}},"_links":{"self":[{"href":"https:\/\/dkn-technology.com\/fr\/wp-json\/wp\/v2\/product\/4209","targetHints":{"allow":["GET"]}}],"collection":[{"href":"https:\/\/dkn-technology.com\/fr\/wp-json\/wp\/v2\/product"}],"about":[{"href":"https:\/\/dkn-technology.com\/fr\/wp-json\/wp\/v2\/types\/product"}],"version-history":[{"count":8,"href":"https:\/\/dkn-technology.com\/fr\/wp-json\/wp\/v2\/product\/4209\/revisions"}],"predecessor-version":[{"id":19421,"href":"https:\/\/dkn-technology.com\/fr\/wp-json\/wp\/v2\/product\/4209\/revisions\/19421"}],"wp:featuredmedia":[{"embeddable":true,"href":"https:\/\/dkn-technology.com\/fr\/wp-json\/wp\/v2\/media\/9627"}],"wp:attachment":[{"href":"https:\/\/dkn-technology.com\/fr\/wp-json\/wp\/v2\/media?parent=4209"}],"wp:term":[{"taxonomy":"product_brand","embeddable":true,"href":"https:\/\/dkn-technology.com\/fr\/wp-json\/wp\/v2\/product_brand?post=4209"},{"taxonomy":"product_cat","embeddable":true,"href":"https:\/\/dkn-technology.com\/fr\/wp-json\/wp\/v2\/product_cat?post=4209"},{"taxonomy":"product_tag","embeddable":true,"href":"https:\/\/dkn-technology.com\/fr\/wp-json\/wp\/v2\/product_tag?post=4209"}],"curies":[{"name":"wp","href":"https:\/\/api.w.org\/{rel}","templated":true}]}}