{"id":4210,"date":"2023-01-30T15:03:15","date_gmt":"2023-01-30T13:03:15","guid":{"rendered":"https:\/\/dkn-technology.com\/product\/x-motion-ii\/"},"modified":"2024-08-09T09:27:16","modified_gmt":"2024-08-09T07:27:16","slug":"x-motion-ii","status":"publish","type":"product","link":"https:\/\/dkn-technology.com\/fr\/produit\/x-motion-ii\/","title":{"rendered":"X-motion II"},"content":{"rendered":"<p>Le X-Motion II r\u00e9volutionne le concept du v\u00e9lo d&rsquo;appartement, en offrant une r\u00e9elle et v\u00e9ritable sensation de pratique du v\u00e9lo en ext\u00e9rieur, tout en ayant le plaisir du confort int\u00e9rieur.<\/p>\n<p>L\u2019int\u00e9r\u00eat du X-Motion r\u00e9side n\u00e9anmoins dans son syst\u00e8me de r\u00e9sistance sans frottement. Il est dot\u00e9 d\u2019une roue d\u2019inertie massive de 23 kg en aluminium avec des couches superpos\u00e9es, \u00e0 trois centres, entra\u00een\u00e9e par une courroie trap\u00e9zo\u00efdale, \u00e9quip\u00e9e d&rsquo;une bo\u00eete de p\u00e9dalier et d\u2019une manivelle afin d\u2019assurer une fluidit\u00e9 optimale digne d\u2019un v\u00e9lo de course, le tout afin de garantir un p\u00e9dalage de qualit\u00e9 et un fonctionnement silencieux.<\/p>\n<p>Le X-Motion II propose 32 niveaux de r\u00e9sistance ainsi que 20 intervalles de temps, r\u00e9glables num\u00e9riquement.<\/p>\n<p>L\u2019\u00e9cran sauvegarde la dur\u00e9e d&rsquo;entra\u00eenement, la distance parcourue, les tours par minute, le pouls, les Watts et les calories d\u00e9pens\u00e9es.<\/p>\n<p>Gr\u00e2ce \u00e0 la technologie Smart, vous pouvez cr\u00e9er et personnaliser un vrai programme d\u2019entra\u00eenement bas\u00e9 sur le contr\u00f4le de la puissance en Watts.<\/p>\n<p>Il suffit d\u2019entrer vos donn\u00e9es personnelles (poids, sexe et taille) et, au lieu de r\u00e9gler manuellement vos pr\u00e9f\u00e9rences, le contr\u00f4le de puissance calcule et d\u00e9termine l&rsquo;effort de p\u00e9dalage adapt\u00e9 \u00e0 votre profil puis surveille constamment le niveau d\u2019entra\u00eenement choisi.<\/p>\n<p>Vous pouvez \u00e9galement choisir un programme pr\u00e9enregistr\u00e9, cr\u00e9er votre propre parcours, essayer un programme d\u00e9di\u00e9 \u00e0 la mesure de votre fr\u00e9quence cardiaque ou personnaliser votre profil d\u2019utilisateur.<\/p>\n<p>&nbsp;<\/p>\n<p>Une des autres fonctionnalit\u00e9s notables et indispensables du X-Motion est son guidon \u00e9quip\u00e9 de glisseurs avants et arri\u00e8res micro-ajustables, permettant d\u2019adapter parfaitement la hauteur du v\u00e9lo tout en garantissant une parfaite ergonomie.<\/p>\n<p>Lorsque vous montez ou baissez le guidon, ou lorsque vous le d\u00e9placez horizontalement, vous pouvez l\u2019ajuster \u00e0 la position g\u00e9om\u00e9trique adapt\u00e9e \u00e0 votre taille.<\/p>\n<p>Le X-Motion II est \u00e9galement \u00e9quip\u00e9 d\u2019une selle de course ergonomique dot\u00e9e d\u2019une base r\u00e9glable et d\u2019une fente adapt\u00e9e au contour du fessier, pouvant \u00eatre facilement r\u00e9gl\u00e9e verticalement ou horizontalement offrant un confort sans \u00e9gal.<\/p>\n<p>De plus, les p\u00e9dales \u00e0 deux faces avec plateforme agrandie sont aussi bien adapt\u00e9es aux cale-pieds traditionnels pour une meilleure stabilit\u00e9, qu\u2019aux chaussures SPD.<\/p>\n<p>Le X-Motion II est compatible avec Kinomap et Zwift (r\u00e9sistance manuelle) pour offrir une exp\u00e9rience d&rsquo;entra\u00eenement plus r\u00e9aliste. Ce partenariat vous offre l&rsquo;acc\u00e8s \u00e0 certains des itin\u00e9raires les plus populaires, y compris une communaut\u00e9 d&rsquo;utilisateurs de fitness dans le monde entier.<\/p>\n<p>Concr\u00e8tement, le X-Motion II ne bougera pas, mais vous aidera \u00e0 bouger ! C\u2019est tout l\u2019esprit du X-Motion II by DKN-Technology.<\/p>\n","protected":false},"excerpt":{"rendered":"<div class=\"center-block col-xs-6 col-sm-7 col-md-6\">\n<div class=\"center-block col-xs-6 col-sm-7 col-md-6\">\n<div class=\"center-block col-xs-6 col-sm-7 col-md-6\">\n<p class=\"product-desc\">Une sensation comparable \u00e0 celle du v\u00e9lo outdoor ! Le X-Motion II by DKN-Technology.<\/p>\n<\/div>\n<\/div>\n<\/div>\n","protected":false},"featured_media":9623,"template":"","meta":{"_acf_changed":false,"inline_featured_image":false,"_monsterinsights_skip_tracking":false,"_monsterinsights_sitenote_active":false,"_monsterinsights_sitenote_note":"","_monsterinsights_sitenote_category":0},"product_brand":[],"product_cat":[101],"product_tag":[],"class_list":{"0":"post-4210","1":"product","2":"type-product","3":"status-publish","4":"has-post-thumbnail","6":"product_cat-indoor_bikes-fr","7":"product_shipping_class-jusqua-100-kg","9":"first","10":"instock","11":"taxable","12":"shipping-taxable","13":"purchasable","14":"product-type-variable","15":"has-default-attributes"},"acf":[],"yoast_head":"<!-- This site is optimized with the Yoast SEO plugin v27.5 - https:\/\/yoast.com\/product\/yoast-seo-wordpress\/ -->\n<title>X-motion II - DKN-Technology<\/title>\n<meta name=\"robots\" content=\"index, follow, max-snippet:-1, max-image-preview:large, max-video-preview:-1\" \/>\n<link rel=\"canonical\" href=\"https:\/\/dkn-technology.com\/fr\/produit\/x-motion-ii\/\" \/>\n<meta property=\"og:locale\" content=\"fr_FR\" \/>\n<meta property=\"og:type\" content=\"article\" \/>\n<meta property=\"og:title\" content=\"X-motion II - DKN-Technology\" \/>\n<meta property=\"og:description\" content=\"Une sensation comparable \u00e0 celle du v\u00e9lo outdoor ! Le X-Motion II by DKN-Technology.\" \/>\n<meta property=\"og:url\" content=\"https:\/\/dkn-technology.com\/fr\/produit\/x-motion-ii\/\" \/>\n<meta property=\"og:site_name\" content=\"DKN-Technology\" \/>\n<meta property=\"article:publisher\" content=\"https:\/\/www.facebook.com\/dkntechnology\/\" \/>\n<meta property=\"article:modified_time\" content=\"2024-08-09T07:27:16+00:00\" \/>\n<meta property=\"og:image\" content=\"https:\/\/dkn-technology.com\/wp-content\/uploads\/2023\/01\/X-Motion2-01.jpg\" \/>\n\t<meta property=\"og:image:width\" content=\"1067\" \/>\n\t<meta property=\"og:image:height\" content=\"1067\" \/>\n\t<meta property=\"og:image:type\" content=\"image\/jpeg\" \/>\n<meta name=\"twitter:card\" content=\"summary_large_image\" \/>\n<meta name=\"twitter:label1\" content=\"Dur\u00e9e de lecture estim\u00e9e\" \/>\n\t<meta name=\"twitter:data1\" content=\"2 minutes\" \/>\n<script type=\"application\/ld+json\" class=\"yoast-schema-graph\">{\"@context\":\"https:\\\/\\\/schema.org\",\"@graph\":[{\"@type\":\"WebPage\",\"@id\":\"https:\\\/\\\/dkn-technology.com\\\/fr\\\/produit\\\/x-motion-ii\\\/\",\"url\":\"https:\\\/\\\/dkn-technology.com\\\/fr\\\/produit\\\/x-motion-ii\\\/\",\"name\":\"X-motion II - DKN-Technology\",\"isPartOf\":{\"@id\":\"https:\\\/\\\/dkn-technology.com\\\/#website\"},\"primaryImageOfPage\":{\"@id\":\"https:\\\/\\\/dkn-technology.com\\\/fr\\\/produit\\\/x-motion-ii\\\/#primaryimage\"},\"image\":{\"@id\":\"https:\\\/\\\/dkn-technology.com\\\/fr\\\/produit\\\/x-motion-ii\\\/#primaryimage\"},\"thumbnailUrl\":\"https:\\\/\\\/dkn-technology.com\\\/wp-content\\\/uploads\\\/2023\\\/01\\\/X-Motion2-01.jpg\",\"datePublished\":\"2023-01-30T13:03:15+00:00\",\"dateModified\":\"2024-08-09T07:27:16+00:00\",\"breadcrumb\":{\"@id\":\"https:\\\/\\\/dkn-technology.com\\\/fr\\\/produit\\\/x-motion-ii\\\/#breadcrumb\"},\"inLanguage\":\"fr-FR\",\"potentialAction\":[{\"@type\":\"ReadAction\",\"target\":[\"https:\\\/\\\/dkn-technology.com\\\/fr\\\/produit\\\/x-motion-ii\\\/\"]}]},{\"@type\":\"ImageObject\",\"inLanguage\":\"fr-FR\",\"@id\":\"https:\\\/\\\/dkn-technology.com\\\/fr\\\/produit\\\/x-motion-ii\\\/#primaryimage\",\"url\":\"https:\\\/\\\/dkn-technology.com\\\/wp-content\\\/uploads\\\/2023\\\/01\\\/X-Motion2-01.jpg\",\"contentUrl\":\"https:\\\/\\\/dkn-technology.com\\\/wp-content\\\/uploads\\\/2023\\\/01\\\/X-Motion2-01.jpg\",\"width\":1067,\"height\":1067},{\"@type\":\"BreadcrumbList\",\"@id\":\"https:\\\/\\\/dkn-technology.com\\\/fr\\\/produit\\\/x-motion-ii\\\/#breadcrumb\",\"itemListElement\":[{\"@type\":\"ListItem\",\"position\":1,\"name\":\"Home\",\"item\":\"https:\\\/\\\/dkn-technology.com\\\/nl\\\/\"},{\"@type\":\"ListItem\",\"position\":2,\"name\":\"Shop\",\"item\":\"https:\\\/\\\/dkn-technology.com\\\/fr\\\/shop\\\/\"},{\"@type\":\"ListItem\",\"position\":3,\"name\":\"X-motion II\"}]},{\"@type\":\"WebSite\",\"@id\":\"https:\\\/\\\/dkn-technology.com\\\/#website\",\"url\":\"https:\\\/\\\/dkn-technology.com\\\/\",\"name\":\"DKN-Technology\",\"description\":\"Smart Fitness Solutions\",\"publisher\":{\"@id\":\"https:\\\/\\\/dkn-technology.com\\\/#organization\"},\"potentialAction\":[{\"@type\":\"SearchAction\",\"target\":{\"@type\":\"EntryPoint\",\"urlTemplate\":\"https:\\\/\\\/dkn-technology.com\\\/?s={search_term_string}\"},\"query-input\":{\"@type\":\"PropertyValueSpecification\",\"valueRequired\":true,\"valueName\":\"search_term_string\"}}],\"inLanguage\":\"fr-FR\"},{\"@type\":\"Organization\",\"@id\":\"https:\\\/\\\/dkn-technology.com\\\/#organization\",\"name\":\"DKN-Technology\",\"url\":\"https:\\\/\\\/dkn-technology.com\\\/\",\"logo\":{\"@type\":\"ImageObject\",\"inLanguage\":\"fr-FR\",\"@id\":\"https:\\\/\\\/dkn-technology.com\\\/#\\\/schema\\\/logo\\\/image\\\/\",\"url\":\"https:\\\/\\\/dkn-technology.com\\\/wp-content\\\/uploads\\\/2023\\\/01\\\/DKN-logo@4x.webp\",\"contentUrl\":\"https:\\\/\\\/dkn-technology.com\\\/wp-content\\\/uploads\\\/2023\\\/01\\\/DKN-logo@4x.webp\",\"width\":1933,\"height\":1029,\"caption\":\"DKN-Technology\"},\"image\":{\"@id\":\"https:\\\/\\\/dkn-technology.com\\\/#\\\/schema\\\/logo\\\/image\\\/\"},\"sameAs\":[\"https:\\\/\\\/www.facebook.com\\\/dkntechnology\\\/\",\"https:\\\/\\\/instagram.com\\\/dkntechnology\",\"https:\\\/\\\/www.youtube.com\\\/@DKN-Technology\",\"https:\\\/\\\/www.linkedin.com\\\/company\\\/dkn-technology-smart-fitness-solutions\"]}]}<\/script>\n<!-- \/ Yoast SEO plugin. -->","yoast_head_json":{"title":"X-motion II - DKN-Technology","robots":{"index":"index","follow":"follow","max-snippet":"max-snippet:-1","max-image-preview":"max-image-preview:large","max-video-preview":"max-video-preview:-1"},"canonical":"https:\/\/dkn-technology.com\/fr\/produit\/x-motion-ii\/","og_locale":"fr_FR","og_type":"article","og_title":"X-motion II - DKN-Technology","og_description":"Une sensation comparable \u00e0 celle du v\u00e9lo outdoor ! Le X-Motion II by DKN-Technology.","og_url":"https:\/\/dkn-technology.com\/fr\/produit\/x-motion-ii\/","og_site_name":"DKN-Technology","article_publisher":"https:\/\/www.facebook.com\/dkntechnology\/","article_modified_time":"2024-08-09T07:27:16+00:00","og_image":[{"width":1067,"height":1067,"url":"https:\/\/dkn-technology.com\/wp-content\/uploads\/2023\/01\/X-Motion2-01.jpg","type":"image\/jpeg"}],"twitter_card":"summary_large_image","twitter_misc":{"Dur\u00e9e de lecture estim\u00e9e":"2 minutes"},"schema":{"@context":"https:\/\/schema.org","@graph":[{"@type":"WebPage","@id":"https:\/\/dkn-technology.com\/fr\/produit\/x-motion-ii\/","url":"https:\/\/dkn-technology.com\/fr\/produit\/x-motion-ii\/","name":"X-motion II - DKN-Technology","isPartOf":{"@id":"https:\/\/dkn-technology.com\/#website"},"primaryImageOfPage":{"@id":"https:\/\/dkn-technology.com\/fr\/produit\/x-motion-ii\/#primaryimage"},"image":{"@id":"https:\/\/dkn-technology.com\/fr\/produit\/x-motion-ii\/#primaryimage"},"thumbnailUrl":"https:\/\/dkn-technology.com\/wp-content\/uploads\/2023\/01\/X-Motion2-01.jpg","datePublished":"2023-01-30T13:03:15+00:00","dateModified":"2024-08-09T07:27:16+00:00","breadcrumb":{"@id":"https:\/\/dkn-technology.com\/fr\/produit\/x-motion-ii\/#breadcrumb"},"inLanguage":"fr-FR","potentialAction":[{"@type":"ReadAction","target":["https:\/\/dkn-technology.com\/fr\/produit\/x-motion-ii\/"]}]},{"@type":"ImageObject","inLanguage":"fr-FR","@id":"https:\/\/dkn-technology.com\/fr\/produit\/x-motion-ii\/#primaryimage","url":"https:\/\/dkn-technology.com\/wp-content\/uploads\/2023\/01\/X-Motion2-01.jpg","contentUrl":"https:\/\/dkn-technology.com\/wp-content\/uploads\/2023\/01\/X-Motion2-01.jpg","width":1067,"height":1067},{"@type":"BreadcrumbList","@id":"https:\/\/dkn-technology.com\/fr\/produit\/x-motion-ii\/#breadcrumb","itemListElement":[{"@type":"ListItem","position":1,"name":"Home","item":"https:\/\/dkn-technology.com\/nl\/"},{"@type":"ListItem","position":2,"name":"Shop","item":"https:\/\/dkn-technology.com\/fr\/shop\/"},{"@type":"ListItem","position":3,"name":"X-motion II"}]},{"@type":"WebSite","@id":"https:\/\/dkn-technology.com\/#website","url":"https:\/\/dkn-technology.com\/","name":"DKN-Technology","description":"Smart Fitness Solutions","publisher":{"@id":"https:\/\/dkn-technology.com\/#organization"},"potentialAction":[{"@type":"SearchAction","target":{"@type":"EntryPoint","urlTemplate":"https:\/\/dkn-technology.com\/?s={search_term_string}"},"query-input":{"@type":"PropertyValueSpecification","valueRequired":true,"valueName":"search_term_string"}}],"inLanguage":"fr-FR"},{"@type":"Organization","@id":"https:\/\/dkn-technology.com\/#organization","name":"DKN-Technology","url":"https:\/\/dkn-technology.com\/","logo":{"@type":"ImageObject","inLanguage":"fr-FR","@id":"https:\/\/dkn-technology.com\/#\/schema\/logo\/image\/","url":"https:\/\/dkn-technology.com\/wp-content\/uploads\/2023\/01\/DKN-logo@4x.webp","contentUrl":"https:\/\/dkn-technology.com\/wp-content\/uploads\/2023\/01\/DKN-logo@4x.webp","width":1933,"height":1029,"caption":"DKN-Technology"},"image":{"@id":"https:\/\/dkn-technology.com\/#\/schema\/logo\/image\/"},"sameAs":["https:\/\/www.facebook.com\/dkntechnology\/","https:\/\/instagram.com\/dkntechnology","https:\/\/www.youtube.com\/@DKN-Technology","https:\/\/www.linkedin.com\/company\/dkn-technology-smart-fitness-solutions"]}]}},"_links":{"self":[{"href":"https:\/\/dkn-technology.com\/fr\/wp-json\/wp\/v2\/product\/4210","targetHints":{"allow":["GET"]}}],"collection":[{"href":"https:\/\/dkn-technology.com\/fr\/wp-json\/wp\/v2\/product"}],"about":[{"href":"https:\/\/dkn-technology.com\/fr\/wp-json\/wp\/v2\/types\/product"}],"version-history":[{"count":6,"href":"https:\/\/dkn-technology.com\/fr\/wp-json\/wp\/v2\/product\/4210\/revisions"}],"predecessor-version":[{"id":19416,"href":"https:\/\/dkn-technology.com\/fr\/wp-json\/wp\/v2\/product\/4210\/revisions\/19416"}],"wp:featuredmedia":[{"embeddable":true,"href":"https:\/\/dkn-technology.com\/fr\/wp-json\/wp\/v2\/media\/9623"}],"wp:attachment":[{"href":"https:\/\/dkn-technology.com\/fr\/wp-json\/wp\/v2\/media?parent=4210"}],"wp:term":[{"taxonomy":"product_brand","embeddable":true,"href":"https:\/\/dkn-technology.com\/fr\/wp-json\/wp\/v2\/product_brand?post=4210"},{"taxonomy":"product_cat","embeddable":true,"href":"https:\/\/dkn-technology.com\/fr\/wp-json\/wp\/v2\/product_cat?post=4210"},{"taxonomy":"product_tag","embeddable":true,"href":"https:\/\/dkn-technology.com\/fr\/wp-json\/wp\/v2\/product_tag?post=4210"}],"curies":[{"name":"wp","href":"https:\/\/api.w.org\/{rel}","templated":true}]}}