{"id":4590,"date":"2023-01-30T15:03:16","date_gmt":"2023-01-30T13:03:16","guid":{"rendered":"https:\/\/dkn-technology.com\/product\/dkn-rower-h2oar\/"},"modified":"2025-02-13T12:31:23","modified_gmt":"2025-02-13T10:31:23","slug":"rower-h2oar","status":"publish","type":"product","link":"https:\/\/dkn-technology.com\/fr\/produit\/rower-h2oar\/","title":{"rendered":"Rower H2OAr"},"content":{"rendered":"<p>Si vous recherchez une immersion au plus r\u00e9el pour un entra\u00eenement d&rsquo;aviron qui reproduit le plus fid\u00e8lement la sensation de ramer en eau libre, le rameur \u00e0 eau H2OAr est con\u00e7u pour vous!<\/p>\n<p>Parmi tous les rameurs d&rsquo;int\u00e9rieur, les rameurs \u00e0 r\u00e9sistance \u00e0 eau sont les plus pertinents pour reproduire une sensation r\u00e9aliste . Les coup de rames sont similaires \u00e0 la dynamique de la vraie pagaie et chaque coup est ponctu\u00e9 d&rsquo;un \u2018splash\u2019. Les images et les sons de l&rsquo;eau cr\u00e9ent une v\u00e9ritable exp\u00e9rience d&rsquo;aviron zen, une plong\u00e9e dans le r\u00e9el .<\/p>\n<p>Le principal avantage du rameur H2OAr est sa r\u00e9sistance variable qui s&rsquo;adapte \u00e0 l&rsquo;effort de l&rsquo;utilisateur. Plus vous ramez vite, plus la r\u00e9sistance sera \u00e9volutive . Le rameur H2OAr fonctionne en d\u00e9pla\u00e7ant des palettes qui sont log\u00e9es dans un cylindre d&rsquo;eau, cr\u00e9ant un\u2019volant \u00e0 eau\u2019. Lorsque vous tirez sur le guidon, les palettes poussent l&rsquo;eau assurant une sensation proche de r\u00e9sistance de la pagaie \u00e0 l&rsquo;eau: la r\u00e9sistance \u00e0 l&rsquo;eau monte et descend naturellement. Plus vous ramez intens\u00e9ment, plus la r\u00e9sistance est \u00e9lev\u00e9e. Vous restez ma\u00eetre \u00e0 100 % de votre entra\u00eenement .<\/p>\n<p>L&rsquo;int\u00e9r\u00eat du H20Ar r\u00e9side n\u00e9anmoins dans son syst\u00e8me de r\u00e9servoir d&rsquo;eau positionn\u00e9 verticalement, offrant une r\u00e9sistance de 18% sup\u00e9rieure \u00e0 celle des mod\u00e8les horizontaux traditionnels. Le H20Ar est d\u00e9velopp\u00e9 et con\u00e7u pour offrir suffisamment de d\u00e9fis \u00e0 la plupart des utilisateurs, novices ou de niveaux avanc\u00e9s.<\/p>\n<p>&nbsp;<\/p>\n<p>Le rameur d&rsquo;eau H20Ar est extr\u00eamement bien \u00e9quip\u00e9 pour son tarif march\u00e9. Le moniteur affiche des variables importantes telles que la vitesse, la distance, le temps, les coups, les calories br\u00fbl\u00e9es et propose \u00e9galement des param\u00e8tres d&rsquo;objectifs ainsi qu&rsquo;un programme de course motivante.<\/p>\n<p>La connectivit\u00e9 sans fil 5 Khz permet un enregistrement pr\u00e9cis de la fr\u00e9quence cardiaque, et le rameur H20Ar est compatible avec l&rsquo;application Kinomap.<\/p>\n<p>Pourvu d&rsquo;un cadre est robuste et gr\u00e2ce aux doubles rails, peut supporter des utilisateurs jusqu&rsquo;\u00e0 150 kg. La hauteur \u00e9lev\u00e9e de ce rameur d&rsquo;int\u00e9rieur permet un acc\u00e8s marche-arr\u00eat facile, parfait pour les utilisateurs de grande taille et la r\u00e9\u00e9ducation, il convient aux personnes souffrant d&rsquo;arthrite ou de probl\u00e8mes de mobilit\u00e9. Le si\u00e8ge lui-m\u00eame peut s&rsquo;\u00e9loigner des p\u00e9dales pour accueillir confortablement les rameurs de toutes morphologies. Le H20Ar propose des entra\u00eenements pour tous, des utilisateurs n\u00e9ophytes aux vrais f\u00e9rus de l&rsquo;effort cardio-vasculaire.<\/p>\n<p>\u2022 Dimensions: L212 x L51 x H93 cm.<br \/>\n\u2022 Stockage debout pour \u00e9conomiser de l&rsquo;espace lorsqu&rsquo;il n&rsquo;est pas utilis\u00e9.<br \/>\n\u2022 Certifi\u00e9 conform\u00e9ment aux normes de classe H, ISO-20957.<\/p>\n","protected":false},"excerpt":{"rendered":"<div class=\"center-block col-xs-6 col-sm-7 col-md-6\">\n<div class=\"center-block col-xs-6 col-sm-7 col-md-6\">\n<div class=\"center-block col-xs-6 col-sm-7 col-md-6\">\n<p class=\"product-desc\">Vous recherchez une v\u00e9ritable exp\u00e9rience d&rsquo;aviron? Le H2OAr reproduit vraiment une sensation r\u00e9aliste d&rsquo;aviron sur l&rsquo;eau.<\/p>\n<\/div>\n<\/div>\n<\/div>\n","protected":false},"featured_media":9531,"template":"","meta":{"_acf_changed":false,"inline_featured_image":false,"_monsterinsights_skip_tracking":false,"_monsterinsights_sitenote_active":false,"_monsterinsights_sitenote_note":"","_monsterinsights_sitenote_category":0},"product_brand":[],"product_cat":[89],"product_tag":[],"class_list":{"0":"post-4590","1":"product","2":"type-product","3":"status-publish","4":"has-post-thumbnail","6":"product_cat-rameurs","7":"product_shipping_class-jusqua-100-kg","9":"first","10":"instock","11":"taxable","12":"shipping-taxable","13":"purchasable","14":"product-type-variable","15":"has-default-attributes"},"acf":[],"yoast_head":"<!-- This site is optimized with the Yoast SEO plugin v27.3 - https:\/\/yoast.com\/product\/yoast-seo-wordpress\/ -->\n<title>Rower H2OAr - DKN-Technology<\/title>\n<meta name=\"robots\" content=\"index, follow, max-snippet:-1, max-image-preview:large, max-video-preview:-1\" \/>\n<link rel=\"canonical\" href=\"https:\/\/dkn-technology.com\/fr\/produit\/rower-h2oar\/\" \/>\n<meta property=\"og:locale\" content=\"fr_FR\" \/>\n<meta property=\"og:type\" content=\"article\" \/>\n<meta property=\"og:title\" content=\"Rower H2OAr - DKN-Technology\" \/>\n<meta property=\"og:description\" content=\"Vous recherchez une v\u00e9ritable exp\u00e9rience d&#039;aviron? Le H2OAr reproduit vraiment une sensation r\u00e9aliste d&#039;aviron sur l&#039;eau.\" \/>\n<meta property=\"og:url\" content=\"https:\/\/dkn-technology.com\/fr\/produit\/rower-h2oar\/\" \/>\n<meta property=\"og:site_name\" content=\"DKN-Technology\" \/>\n<meta property=\"article:publisher\" content=\"https:\/\/www.facebook.com\/dkntechnology\/\" \/>\n<meta property=\"article:modified_time\" content=\"2025-02-13T10:31:23+00:00\" \/>\n<meta property=\"og:image\" content=\"https:\/\/dkn-technology.com\/wp-content\/uploads\/2023\/01\/H2Oar-01.jpg\" \/>\n\t<meta property=\"og:image:width\" content=\"1067\" \/>\n\t<meta property=\"og:image:height\" content=\"1067\" \/>\n\t<meta property=\"og:image:type\" content=\"image\/jpeg\" \/>\n<meta name=\"twitter:card\" content=\"summary_large_image\" \/>\n<meta name=\"twitter:label1\" content=\"Dur\u00e9e de lecture estim\u00e9e\" \/>\n\t<meta name=\"twitter:data1\" content=\"2 minutes\" \/>\n<script type=\"application\/ld+json\" class=\"yoast-schema-graph\">{\"@context\":\"https:\\\/\\\/schema.org\",\"@graph\":[{\"@type\":\"WebPage\",\"@id\":\"https:\\\/\\\/dkn-technology.com\\\/fr\\\/produit\\\/rower-h2oar\\\/\",\"url\":\"https:\\\/\\\/dkn-technology.com\\\/fr\\\/produit\\\/rower-h2oar\\\/\",\"name\":\"Rower H2OAr - DKN-Technology\",\"isPartOf\":{\"@id\":\"https:\\\/\\\/dkn-technology.com\\\/#website\"},\"primaryImageOfPage\":{\"@id\":\"https:\\\/\\\/dkn-technology.com\\\/fr\\\/produit\\\/rower-h2oar\\\/#primaryimage\"},\"image\":{\"@id\":\"https:\\\/\\\/dkn-technology.com\\\/fr\\\/produit\\\/rower-h2oar\\\/#primaryimage\"},\"thumbnailUrl\":\"https:\\\/\\\/dkn-technology.com\\\/wp-content\\\/uploads\\\/2023\\\/01\\\/H2Oar-01.jpg\",\"datePublished\":\"2023-01-30T13:03:16+00:00\",\"dateModified\":\"2025-02-13T10:31:23+00:00\",\"breadcrumb\":{\"@id\":\"https:\\\/\\\/dkn-technology.com\\\/fr\\\/produit\\\/rower-h2oar\\\/#breadcrumb\"},\"inLanguage\":\"fr-FR\",\"potentialAction\":[{\"@type\":\"ReadAction\",\"target\":[\"https:\\\/\\\/dkn-technology.com\\\/fr\\\/produit\\\/rower-h2oar\\\/\"]}]},{\"@type\":\"ImageObject\",\"inLanguage\":\"fr-FR\",\"@id\":\"https:\\\/\\\/dkn-technology.com\\\/fr\\\/produit\\\/rower-h2oar\\\/#primaryimage\",\"url\":\"https:\\\/\\\/dkn-technology.com\\\/wp-content\\\/uploads\\\/2023\\\/01\\\/H2Oar-01.jpg\",\"contentUrl\":\"https:\\\/\\\/dkn-technology.com\\\/wp-content\\\/uploads\\\/2023\\\/01\\\/H2Oar-01.jpg\",\"width\":1067,\"height\":1067},{\"@type\":\"BreadcrumbList\",\"@id\":\"https:\\\/\\\/dkn-technology.com\\\/fr\\\/produit\\\/rower-h2oar\\\/#breadcrumb\",\"itemListElement\":[{\"@type\":\"ListItem\",\"position\":1,\"name\":\"Home\",\"item\":\"https:\\\/\\\/dkn-technology.com\\\/nl\\\/\"},{\"@type\":\"ListItem\",\"position\":2,\"name\":\"Shop\",\"item\":\"https:\\\/\\\/dkn-technology.com\\\/fr\\\/shop\\\/\"},{\"@type\":\"ListItem\",\"position\":3,\"name\":\"Rower H2OAr\"}]},{\"@type\":\"WebSite\",\"@id\":\"https:\\\/\\\/dkn-technology.com\\\/#website\",\"url\":\"https:\\\/\\\/dkn-technology.com\\\/\",\"name\":\"DKN-Technology\",\"description\":\"Smart Fitness Solutions\",\"publisher\":{\"@id\":\"https:\\\/\\\/dkn-technology.com\\\/#organization\"},\"potentialAction\":[{\"@type\":\"SearchAction\",\"target\":{\"@type\":\"EntryPoint\",\"urlTemplate\":\"https:\\\/\\\/dkn-technology.com\\\/?s={search_term_string}\"},\"query-input\":{\"@type\":\"PropertyValueSpecification\",\"valueRequired\":true,\"valueName\":\"search_term_string\"}}],\"inLanguage\":\"fr-FR\"},{\"@type\":\"Organization\",\"@id\":\"https:\\\/\\\/dkn-technology.com\\\/#organization\",\"name\":\"DKN-Technology\",\"url\":\"https:\\\/\\\/dkn-technology.com\\\/\",\"logo\":{\"@type\":\"ImageObject\",\"inLanguage\":\"fr-FR\",\"@id\":\"https:\\\/\\\/dkn-technology.com\\\/#\\\/schema\\\/logo\\\/image\\\/\",\"url\":\"https:\\\/\\\/dkn-technology.com\\\/wp-content\\\/uploads\\\/2023\\\/01\\\/DKN-logo@4x.webp\",\"contentUrl\":\"https:\\\/\\\/dkn-technology.com\\\/wp-content\\\/uploads\\\/2023\\\/01\\\/DKN-logo@4x.webp\",\"width\":1933,\"height\":1029,\"caption\":\"DKN-Technology\"},\"image\":{\"@id\":\"https:\\\/\\\/dkn-technology.com\\\/#\\\/schema\\\/logo\\\/image\\\/\"},\"sameAs\":[\"https:\\\/\\\/www.facebook.com\\\/dkntechnology\\\/\",\"https:\\\/\\\/instagram.com\\\/dkntechnology\",\"https:\\\/\\\/www.youtube.com\\\/@DKN-Technology\",\"https:\\\/\\\/www.linkedin.com\\\/company\\\/dkn-technology-smart-fitness-solutions\"]}]}<\/script>\n<!-- \/ Yoast SEO plugin. -->","yoast_head_json":{"title":"Rower H2OAr - DKN-Technology","robots":{"index":"index","follow":"follow","max-snippet":"max-snippet:-1","max-image-preview":"max-image-preview:large","max-video-preview":"max-video-preview:-1"},"canonical":"https:\/\/dkn-technology.com\/fr\/produit\/rower-h2oar\/","og_locale":"fr_FR","og_type":"article","og_title":"Rower H2OAr - DKN-Technology","og_description":"Vous recherchez une v\u00e9ritable exp\u00e9rience d'aviron? Le H2OAr reproduit vraiment une sensation r\u00e9aliste d'aviron sur l'eau.","og_url":"https:\/\/dkn-technology.com\/fr\/produit\/rower-h2oar\/","og_site_name":"DKN-Technology","article_publisher":"https:\/\/www.facebook.com\/dkntechnology\/","article_modified_time":"2025-02-13T10:31:23+00:00","og_image":[{"width":1067,"height":1067,"url":"https:\/\/dkn-technology.com\/wp-content\/uploads\/2023\/01\/H2Oar-01.jpg","type":"image\/jpeg"}],"twitter_card":"summary_large_image","twitter_misc":{"Dur\u00e9e de lecture estim\u00e9e":"2 minutes"},"schema":{"@context":"https:\/\/schema.org","@graph":[{"@type":"WebPage","@id":"https:\/\/dkn-technology.com\/fr\/produit\/rower-h2oar\/","url":"https:\/\/dkn-technology.com\/fr\/produit\/rower-h2oar\/","name":"Rower H2OAr - DKN-Technology","isPartOf":{"@id":"https:\/\/dkn-technology.com\/#website"},"primaryImageOfPage":{"@id":"https:\/\/dkn-technology.com\/fr\/produit\/rower-h2oar\/#primaryimage"},"image":{"@id":"https:\/\/dkn-technology.com\/fr\/produit\/rower-h2oar\/#primaryimage"},"thumbnailUrl":"https:\/\/dkn-technology.com\/wp-content\/uploads\/2023\/01\/H2Oar-01.jpg","datePublished":"2023-01-30T13:03:16+00:00","dateModified":"2025-02-13T10:31:23+00:00","breadcrumb":{"@id":"https:\/\/dkn-technology.com\/fr\/produit\/rower-h2oar\/#breadcrumb"},"inLanguage":"fr-FR","potentialAction":[{"@type":"ReadAction","target":["https:\/\/dkn-technology.com\/fr\/produit\/rower-h2oar\/"]}]},{"@type":"ImageObject","inLanguage":"fr-FR","@id":"https:\/\/dkn-technology.com\/fr\/produit\/rower-h2oar\/#primaryimage","url":"https:\/\/dkn-technology.com\/wp-content\/uploads\/2023\/01\/H2Oar-01.jpg","contentUrl":"https:\/\/dkn-technology.com\/wp-content\/uploads\/2023\/01\/H2Oar-01.jpg","width":1067,"height":1067},{"@type":"BreadcrumbList","@id":"https:\/\/dkn-technology.com\/fr\/produit\/rower-h2oar\/#breadcrumb","itemListElement":[{"@type":"ListItem","position":1,"name":"Home","item":"https:\/\/dkn-technology.com\/nl\/"},{"@type":"ListItem","position":2,"name":"Shop","item":"https:\/\/dkn-technology.com\/fr\/shop\/"},{"@type":"ListItem","position":3,"name":"Rower H2OAr"}]},{"@type":"WebSite","@id":"https:\/\/dkn-technology.com\/#website","url":"https:\/\/dkn-technology.com\/","name":"DKN-Technology","description":"Smart Fitness Solutions","publisher":{"@id":"https:\/\/dkn-technology.com\/#organization"},"potentialAction":[{"@type":"SearchAction","target":{"@type":"EntryPoint","urlTemplate":"https:\/\/dkn-technology.com\/?s={search_term_string}"},"query-input":{"@type":"PropertyValueSpecification","valueRequired":true,"valueName":"search_term_string"}}],"inLanguage":"fr-FR"},{"@type":"Organization","@id":"https:\/\/dkn-technology.com\/#organization","name":"DKN-Technology","url":"https:\/\/dkn-technology.com\/","logo":{"@type":"ImageObject","inLanguage":"fr-FR","@id":"https:\/\/dkn-technology.com\/#\/schema\/logo\/image\/","url":"https:\/\/dkn-technology.com\/wp-content\/uploads\/2023\/01\/DKN-logo@4x.webp","contentUrl":"https:\/\/dkn-technology.com\/wp-content\/uploads\/2023\/01\/DKN-logo@4x.webp","width":1933,"height":1029,"caption":"DKN-Technology"},"image":{"@id":"https:\/\/dkn-technology.com\/#\/schema\/logo\/image\/"},"sameAs":["https:\/\/www.facebook.com\/dkntechnology\/","https:\/\/instagram.com\/dkntechnology","https:\/\/www.youtube.com\/@DKN-Technology","https:\/\/www.linkedin.com\/company\/dkn-technology-smart-fitness-solutions"]}]}},"_links":{"self":[{"href":"https:\/\/dkn-technology.com\/fr\/wp-json\/wp\/v2\/product\/4590","targetHints":{"allow":["GET"]}}],"collection":[{"href":"https:\/\/dkn-technology.com\/fr\/wp-json\/wp\/v2\/product"}],"about":[{"href":"https:\/\/dkn-technology.com\/fr\/wp-json\/wp\/v2\/types\/product"}],"version-history":[{"count":6,"href":"https:\/\/dkn-technology.com\/fr\/wp-json\/wp\/v2\/product\/4590\/revisions"}],"predecessor-version":[{"id":23140,"href":"https:\/\/dkn-technology.com\/fr\/wp-json\/wp\/v2\/product\/4590\/revisions\/23140"}],"wp:featuredmedia":[{"embeddable":true,"href":"https:\/\/dkn-technology.com\/fr\/wp-json\/wp\/v2\/media\/9531"}],"wp:attachment":[{"href":"https:\/\/dkn-technology.com\/fr\/wp-json\/wp\/v2\/media?parent=4590"}],"wp:term":[{"taxonomy":"product_brand","embeddable":true,"href":"https:\/\/dkn-technology.com\/fr\/wp-json\/wp\/v2\/product_brand?post=4590"},{"taxonomy":"product_cat","embeddable":true,"href":"https:\/\/dkn-technology.com\/fr\/wp-json\/wp\/v2\/product_cat?post=4590"},{"taxonomy":"product_tag","embeddable":true,"href":"https:\/\/dkn-technology.com\/fr\/wp-json\/wp\/v2\/product_tag?post=4590"}],"curies":[{"name":"wp","href":"https:\/\/api.w.org\/{rel}","templated":true}]}}