{"id":4592,"date":"2023-01-30T15:03:16","date_gmt":"2023-01-30T13:03:16","guid":{"rendered":"https:\/\/dkn-technology.com\/product\/dkn-treadmill-airun-z\/"},"modified":"2025-09-22T13:20:30","modified_gmt":"2025-09-22T11:20:30","slug":"airun-z","status":"publish","type":"product","link":"https:\/\/dkn-technology.com\/fr\/produit\/airun-z\/","title":{"rendered":"Airun-Z"},"content":{"rendered":"<h2>Tapis de course pliable Airun-Z : Votre compagnon de course ultime<\/h2>\n<h4><strong>La meilleure exp\u00e9rience de course \u00e0 domicile<\/strong><\/h4>\n<p>Vous recherchez un <strong>tapis de course pliable<\/strong> pour une exp\u00e9rience r\u00e9aliste de course \u00e0 pied en plein air ? Ne cherchez pas plus loin que l&rsquo;Airun-Z. Avec son cadre renforc\u00e9, sa surface de course extra-large et son tapis de course orthop\u00e9dique, l&rsquo;Airun-Z offre un \u00e9quilibre parfait entre l&rsquo;absorption des chocs et la surface du sol. En outre, <strong>le syst\u00e8me d&rsquo;absorption progressive des chocs<\/strong> absorbe plus de 40 % de l&rsquo;impact de la course, \u00e9pargnant ainsi vos genoux, vos chevilles et vos articulations.<\/p>\n<p><strong>Quelques avantages :<\/strong><\/p>\n<ul>\n<li>Cadre renforc\u00e9 pour plus de stabilit\u00e9 et de durabilit\u00e9<\/li>\n<li>Surface de course extra-large et longue pour une exp\u00e9rience de course confortable<\/li>\n<li>Syst\u00e8me progressif d&rsquo;absorption des chocs<\/li>\n<li>La console LED fournit un retour d&rsquo;information continu sur toutes les donn\u00e9es de l&rsquo;entra\u00eenement<\/li>\n<li>12 parcours pr\u00e9programm\u00e9s et 3 programmes d\u00e9finis par l&rsquo;utilisateur pour un entra\u00eenement personnalis\u00e9<\/li>\n<li>Compatible avec le tracker d&rsquo;activit\u00e9 Bluetooth en option (20462)<\/li>\n<li>Conception pliable pour faciliter le stockage et le transport<\/li>\n<\/ul>\n<hr \/>\n<h4><strong>Fonctionnalit\u00e9s et programmes<\/strong> <strong>personnalisables<\/strong><\/h4>\n<p>Ce tapis de course propose <strong>12 parcours pr\u00e9programm\u00e9s<\/strong>, dont la perte de poids, la course de 5 km, l&rsquo;ascension de collines, 2 programmes de fr\u00e9quence cardiaque et 3 programmes d\u00e9finis par l&rsquo;utilisateur. En outre, la console LED fournit un retour d&rsquo;information continu sur toutes les donn\u00e9es d&rsquo;entra\u00eenement. Elle comprend la vitesse, le temps \u00e9coul\u00e9, la distance parcourue, les calories br\u00fbl\u00e9es, l&rsquo;inclinaison, les 400 m\u00e8tres de course et la fr\u00e9quence cardiaque.<\/p>\n<h4><strong>Un moniteur convivial<\/strong><\/h4>\n<p>Le moniteur convivial de l&rsquo;Airun-Z offre des programmes efficaces qui vous poussent \u00e0 vous surpasser et vous permettent de rester sur la bonne voie pour atteindre vos objectifs personnels de remise en forme. Vous pouvez <strong>enregistrer vos profils d&rsquo;entra\u00eenement<\/strong> pour tirer encore plus de profit de votre tapis de course. Le moniteur est compatible avec le traceur d&rsquo;activit\u00e9 Bluetooth en option (20462).<\/p>\n<h4><strong>Un \u00e9quipement solide pour des courses fr\u00e9quentes<\/strong><\/h4>\n<p>Le tapis de course pliant Airun-Z est con\u00e7u pour r\u00e9sister aux rigueurs d&rsquo;une course fr\u00e9quente et <strong>conserver sa valeur<\/strong> pendant des ann\u00e9es. Avec un poids d&rsquo;utilisateur allant jusqu&rsquo;\u00e0 130 kg et une fonction d&rsquo;inclinaison\/d\u00e9croissance, ce tapis de course est un \u00e9quipement <strong>solide comme le roc.<\/strong> De plus, les deux moteurs qui actionnent les fonctions d&rsquo;inclinaison et de d\u00e9clivit\u00e9 vous donnent la libert\u00e9 n\u00e9cessaire pour personnaliser votre appareil. Exp\u00e9rimentez vos courses comme vous avez l&rsquo;habitude de le faire \u00e0 l&rsquo;ext\u00e9rieur.<\/p>\n<h4><strong>Des applications pour am\u00e9liorer votre exp\u00e9rience de la course \u00e0 pied<\/strong><\/h4>\n<p>Vous en avez assez de parcourir tous les jours les m\u00eames itin\u00e9raires ? Vous voulez faire passer vos courses en salle \u00e0 la vitesse sup\u00e9rieure ? Ne cherchez pas plus loin que les applications de course \u00e0 pied personnalisables comme Kinomap. Avec Kinomap, vous avez acc\u00e8s \u00e0 une infinit\u00e9 d&rsquo;itin\u00e9raires dans le monde entier, ce qui vous permet de vivre une exp\u00e9rience de course plus r\u00e9aliste depuis le confort de votre domicile.<\/p>\n<p>Mais ce n&rsquo;est pas tout : Kinomap synchronise \u00e9galement les fonctions d&rsquo;inclinaison et de d\u00e9clin avec l&rsquo;itin\u00e9raire choisi, ce qui vous donne l&rsquo;impression de courir en plein air. En quelques clics, vous pouvez s\u00e9lectionner ou cr\u00e9er un itin\u00e9raire, appuyer sur Start et suivre la carte \u00e0 votre rythme.<\/p>\n<p>Si vous voulez vraiment faire passer vos courses en salle au niveau sup\u00e9rieur ! T\u00e9l\u00e9chargez une vid\u00e9o Kinomap et suivez la vid\u00e9o en direct. Vous pouvez vous immerger dans des paysages \u00e9poustouflants tout en courant, ce qui vous offre une exp\u00e9rience de course vraiment unique et passionnante. Ne vous contentez pas de courses en salle ennuyeuses &#8211; am\u00e9liorez votre entra\u00eenement avec des applications de course personnalis\u00e9es comme Kinomap.<\/p>\n<p><em>Ce n&rsquo;est pas ce que vous recherchiez ? D\u00e9couvrez <a href=\"https:\/\/dkn-technology.com\/fr\/produit\/loopband-airun-c\/\">le tapis de course pliable Airun-C pour la maison.<\/a><\/em><\/p>\n<h1 style=\"text-align: center;\">\u00ab\u00a0Faites de l&rsquo;Airun-Z votre tapis de course pliable de r\u00e9f\u00e9rence pour une exp\u00e9rience de course \u00e0 pied r\u00e9aliste en plein air.<\/h1>\n","protected":false},"excerpt":{"rendered":"<p>&nbsp;<\/p>\n<div class=\"center-block col-xs-6 col-sm-7 col-md-6\">\n<div class=\"center-block col-xs-6 col-sm-7 col-md-6\">\n<p class=\"product-desc\">R\u00e9volutionnez votre routine d&rsquo;entra\u00eenement avec l&rsquo;Airun-Z : Le tapis roulant pliable pour une course r\u00e9aliste et stimulante.<\/p>\n<\/div>\n<\/div>\n","protected":false},"featured_media":4034,"template":"","meta":{"_acf_changed":false,"inline_featured_image":false,"_monsterinsights_skip_tracking":false,"_monsterinsights_sitenote_active":false,"_monsterinsights_sitenote_note":"","_monsterinsights_sitenote_category":0},"product_brand":[],"product_cat":[92],"product_tag":[],"class_list":{"0":"post-4592","1":"product","2":"type-product","3":"status-publish","4":"has-post-thumbnail","6":"product_cat-tapis-de-course","7":"product_shipping_class-jusqua-150-kg","9":"first","10":"instock","11":"taxable","12":"shipping-taxable","13":"purchasable","14":"product-type-variable","15":"has-default-attributes"},"acf":[],"yoast_head":"<!-- This site is optimized with the Yoast SEO plugin v27.5 - https:\/\/yoast.com\/product\/yoast-seo-wordpress\/ -->\n<title>Airun-Z : Un tapis roulant pliable solide | DKN TECHNOLOGY<\/title>\n<meta name=\"description\" content=\"Le tapis de course pliable Airun-Z vous offre une exp\u00e9rience de course ultime. Cadre renforc\u00e9, surface de course extra-large et ceinture de course orthop\u00e9dique. Commandez maintenant !\" \/>\n<meta name=\"robots\" content=\"index, follow, max-snippet:-1, max-image-preview:large, max-video-preview:-1\" \/>\n<link rel=\"canonical\" href=\"https:\/\/dkn-technology.com\/fr\/produit\/airun-z\/\" \/>\n<meta property=\"og:locale\" content=\"fr_FR\" \/>\n<meta property=\"og:type\" content=\"article\" \/>\n<meta property=\"og:title\" content=\"Airun-Z : Un tapis roulant pliable solide | DKN TECHNOLOGY\" \/>\n<meta property=\"og:description\" content=\"Le tapis de course pliable Airun-Z vous offre une exp\u00e9rience de course ultime. Cadre renforc\u00e9, surface de course extra-large et ceinture de course orthop\u00e9dique. Commandez maintenant !\" \/>\n<meta property=\"og:url\" content=\"https:\/\/dkn-technology.com\/fr\/produit\/airun-z\/\" \/>\n<meta property=\"og:site_name\" content=\"DKN-Technology\" \/>\n<meta property=\"article:publisher\" content=\"https:\/\/www.facebook.com\/dkntechnology\/\" \/>\n<meta property=\"article:modified_time\" content=\"2025-09-22T11:20:30+00:00\" \/>\n<meta property=\"og:image\" content=\"https:\/\/dkn-technology.com\/wp-content\/uploads\/2023\/01\/AiRun-Z-1.jpg\" \/>\n\t<meta property=\"og:image:width\" content=\"1200\" \/>\n\t<meta property=\"og:image:height\" content=\"1170\" \/>\n\t<meta property=\"og:image:type\" content=\"image\/jpeg\" \/>\n<meta name=\"twitter:card\" content=\"summary_large_image\" \/>\n<meta name=\"twitter:label1\" content=\"Dur\u00e9e de lecture estim\u00e9e\" \/>\n\t<meta name=\"twitter:data1\" content=\"3 minutes\" \/>\n<script type=\"application\/ld+json\" class=\"yoast-schema-graph\">{\"@context\":\"https:\\\/\\\/schema.org\",\"@graph\":[{\"@type\":\"WebPage\",\"@id\":\"https:\\\/\\\/dkn-technology.com\\\/fr\\\/produit\\\/airun-z\\\/\",\"url\":\"https:\\\/\\\/dkn-technology.com\\\/fr\\\/produit\\\/airun-z\\\/\",\"name\":\"Airun-Z : Un tapis roulant pliable solide | DKN TECHNOLOGY\",\"isPartOf\":{\"@id\":\"https:\\\/\\\/dkn-technology.com\\\/#website\"},\"primaryImageOfPage\":{\"@id\":\"https:\\\/\\\/dkn-technology.com\\\/fr\\\/produit\\\/airun-z\\\/#primaryimage\"},\"image\":{\"@id\":\"https:\\\/\\\/dkn-technology.com\\\/fr\\\/produit\\\/airun-z\\\/#primaryimage\"},\"thumbnailUrl\":\"https:\\\/\\\/dkn-technology.com\\\/wp-content\\\/uploads\\\/2023\\\/01\\\/AiRun-Z-1.jpg\",\"datePublished\":\"2023-01-30T13:03:16+00:00\",\"dateModified\":\"2025-09-22T11:20:30+00:00\",\"description\":\"Le tapis de course pliable Airun-Z vous offre une exp\u00e9rience de course ultime. Cadre renforc\u00e9, surface de course extra-large et ceinture de course orthop\u00e9dique. Commandez maintenant !\",\"breadcrumb\":{\"@id\":\"https:\\\/\\\/dkn-technology.com\\\/fr\\\/produit\\\/airun-z\\\/#breadcrumb\"},\"inLanguage\":\"fr-FR\",\"potentialAction\":[{\"@type\":\"ReadAction\",\"target\":[\"https:\\\/\\\/dkn-technology.com\\\/fr\\\/produit\\\/airun-z\\\/\"]}]},{\"@type\":\"ImageObject\",\"inLanguage\":\"fr-FR\",\"@id\":\"https:\\\/\\\/dkn-technology.com\\\/fr\\\/produit\\\/airun-z\\\/#primaryimage\",\"url\":\"https:\\\/\\\/dkn-technology.com\\\/wp-content\\\/uploads\\\/2023\\\/01\\\/AiRun-Z-1.jpg\",\"contentUrl\":\"https:\\\/\\\/dkn-technology.com\\\/wp-content\\\/uploads\\\/2023\\\/01\\\/AiRun-Z-1.jpg\",\"width\":1200,\"height\":1170},{\"@type\":\"BreadcrumbList\",\"@id\":\"https:\\\/\\\/dkn-technology.com\\\/fr\\\/produit\\\/airun-z\\\/#breadcrumb\",\"itemListElement\":[{\"@type\":\"ListItem\",\"position\":1,\"name\":\"Home\",\"item\":\"https:\\\/\\\/dkn-technology.com\\\/nl\\\/\"},{\"@type\":\"ListItem\",\"position\":2,\"name\":\"Shop\",\"item\":\"https:\\\/\\\/dkn-technology.com\\\/fr\\\/shop\\\/\"},{\"@type\":\"ListItem\",\"position\":3,\"name\":\"Airun-Z\"}]},{\"@type\":\"WebSite\",\"@id\":\"https:\\\/\\\/dkn-technology.com\\\/#website\",\"url\":\"https:\\\/\\\/dkn-technology.com\\\/\",\"name\":\"DKN-Technology\",\"description\":\"Smart Fitness Solutions\",\"publisher\":{\"@id\":\"https:\\\/\\\/dkn-technology.com\\\/#organization\"},\"potentialAction\":[{\"@type\":\"SearchAction\",\"target\":{\"@type\":\"EntryPoint\",\"urlTemplate\":\"https:\\\/\\\/dkn-technology.com\\\/?s={search_term_string}\"},\"query-input\":{\"@type\":\"PropertyValueSpecification\",\"valueRequired\":true,\"valueName\":\"search_term_string\"}}],\"inLanguage\":\"fr-FR\"},{\"@type\":\"Organization\",\"@id\":\"https:\\\/\\\/dkn-technology.com\\\/#organization\",\"name\":\"DKN-Technology\",\"url\":\"https:\\\/\\\/dkn-technology.com\\\/\",\"logo\":{\"@type\":\"ImageObject\",\"inLanguage\":\"fr-FR\",\"@id\":\"https:\\\/\\\/dkn-technology.com\\\/#\\\/schema\\\/logo\\\/image\\\/\",\"url\":\"https:\\\/\\\/dkn-technology.com\\\/wp-content\\\/uploads\\\/2023\\\/01\\\/DKN-logo@4x.webp\",\"contentUrl\":\"https:\\\/\\\/dkn-technology.com\\\/wp-content\\\/uploads\\\/2023\\\/01\\\/DKN-logo@4x.webp\",\"width\":1933,\"height\":1029,\"caption\":\"DKN-Technology\"},\"image\":{\"@id\":\"https:\\\/\\\/dkn-technology.com\\\/#\\\/schema\\\/logo\\\/image\\\/\"},\"sameAs\":[\"https:\\\/\\\/www.facebook.com\\\/dkntechnology\\\/\",\"https:\\\/\\\/instagram.com\\\/dkntechnology\",\"https:\\\/\\\/www.youtube.com\\\/@DKN-Technology\",\"https:\\\/\\\/www.linkedin.com\\\/company\\\/dkn-technology-smart-fitness-solutions\"]}]}<\/script>\n<!-- \/ Yoast SEO plugin. -->","yoast_head_json":{"title":"Airun-Z : Un tapis roulant pliable solide | DKN TECHNOLOGY","description":"Le tapis de course pliable Airun-Z vous offre une exp\u00e9rience de course ultime. Cadre renforc\u00e9, surface de course extra-large et ceinture de course orthop\u00e9dique. Commandez maintenant !","robots":{"index":"index","follow":"follow","max-snippet":"max-snippet:-1","max-image-preview":"max-image-preview:large","max-video-preview":"max-video-preview:-1"},"canonical":"https:\/\/dkn-technology.com\/fr\/produit\/airun-z\/","og_locale":"fr_FR","og_type":"article","og_title":"Airun-Z : Un tapis roulant pliable solide | DKN TECHNOLOGY","og_description":"Le tapis de course pliable Airun-Z vous offre une exp\u00e9rience de course ultime. Cadre renforc\u00e9, surface de course extra-large et ceinture de course orthop\u00e9dique. Commandez maintenant !","og_url":"https:\/\/dkn-technology.com\/fr\/produit\/airun-z\/","og_site_name":"DKN-Technology","article_publisher":"https:\/\/www.facebook.com\/dkntechnology\/","article_modified_time":"2025-09-22T11:20:30+00:00","og_image":[{"width":1200,"height":1170,"url":"https:\/\/dkn-technology.com\/wp-content\/uploads\/2023\/01\/AiRun-Z-1.jpg","type":"image\/jpeg"}],"twitter_card":"summary_large_image","twitter_misc":{"Dur\u00e9e de lecture estim\u00e9e":"3 minutes"},"schema":{"@context":"https:\/\/schema.org","@graph":[{"@type":"WebPage","@id":"https:\/\/dkn-technology.com\/fr\/produit\/airun-z\/","url":"https:\/\/dkn-technology.com\/fr\/produit\/airun-z\/","name":"Airun-Z : Un tapis roulant pliable solide | DKN TECHNOLOGY","isPartOf":{"@id":"https:\/\/dkn-technology.com\/#website"},"primaryImageOfPage":{"@id":"https:\/\/dkn-technology.com\/fr\/produit\/airun-z\/#primaryimage"},"image":{"@id":"https:\/\/dkn-technology.com\/fr\/produit\/airun-z\/#primaryimage"},"thumbnailUrl":"https:\/\/dkn-technology.com\/wp-content\/uploads\/2023\/01\/AiRun-Z-1.jpg","datePublished":"2023-01-30T13:03:16+00:00","dateModified":"2025-09-22T11:20:30+00:00","description":"Le tapis de course pliable Airun-Z vous offre une exp\u00e9rience de course ultime. Cadre renforc\u00e9, surface de course extra-large et ceinture de course orthop\u00e9dique. Commandez maintenant !","breadcrumb":{"@id":"https:\/\/dkn-technology.com\/fr\/produit\/airun-z\/#breadcrumb"},"inLanguage":"fr-FR","potentialAction":[{"@type":"ReadAction","target":["https:\/\/dkn-technology.com\/fr\/produit\/airun-z\/"]}]},{"@type":"ImageObject","inLanguage":"fr-FR","@id":"https:\/\/dkn-technology.com\/fr\/produit\/airun-z\/#primaryimage","url":"https:\/\/dkn-technology.com\/wp-content\/uploads\/2023\/01\/AiRun-Z-1.jpg","contentUrl":"https:\/\/dkn-technology.com\/wp-content\/uploads\/2023\/01\/AiRun-Z-1.jpg","width":1200,"height":1170},{"@type":"BreadcrumbList","@id":"https:\/\/dkn-technology.com\/fr\/produit\/airun-z\/#breadcrumb","itemListElement":[{"@type":"ListItem","position":1,"name":"Home","item":"https:\/\/dkn-technology.com\/nl\/"},{"@type":"ListItem","position":2,"name":"Shop","item":"https:\/\/dkn-technology.com\/fr\/shop\/"},{"@type":"ListItem","position":3,"name":"Airun-Z"}]},{"@type":"WebSite","@id":"https:\/\/dkn-technology.com\/#website","url":"https:\/\/dkn-technology.com\/","name":"DKN-Technology","description":"Smart Fitness Solutions","publisher":{"@id":"https:\/\/dkn-technology.com\/#organization"},"potentialAction":[{"@type":"SearchAction","target":{"@type":"EntryPoint","urlTemplate":"https:\/\/dkn-technology.com\/?s={search_term_string}"},"query-input":{"@type":"PropertyValueSpecification","valueRequired":true,"valueName":"search_term_string"}}],"inLanguage":"fr-FR"},{"@type":"Organization","@id":"https:\/\/dkn-technology.com\/#organization","name":"DKN-Technology","url":"https:\/\/dkn-technology.com\/","logo":{"@type":"ImageObject","inLanguage":"fr-FR","@id":"https:\/\/dkn-technology.com\/#\/schema\/logo\/image\/","url":"https:\/\/dkn-technology.com\/wp-content\/uploads\/2023\/01\/DKN-logo@4x.webp","contentUrl":"https:\/\/dkn-technology.com\/wp-content\/uploads\/2023\/01\/DKN-logo@4x.webp","width":1933,"height":1029,"caption":"DKN-Technology"},"image":{"@id":"https:\/\/dkn-technology.com\/#\/schema\/logo\/image\/"},"sameAs":["https:\/\/www.facebook.com\/dkntechnology\/","https:\/\/instagram.com\/dkntechnology","https:\/\/www.youtube.com\/@DKN-Technology","https:\/\/www.linkedin.com\/company\/dkn-technology-smart-fitness-solutions"]}]}},"_links":{"self":[{"href":"https:\/\/dkn-technology.com\/fr\/wp-json\/wp\/v2\/product\/4592","targetHints":{"allow":["GET"]}}],"collection":[{"href":"https:\/\/dkn-technology.com\/fr\/wp-json\/wp\/v2\/product"}],"about":[{"href":"https:\/\/dkn-technology.com\/fr\/wp-json\/wp\/v2\/types\/product"}],"version-history":[{"count":8,"href":"https:\/\/dkn-technology.com\/fr\/wp-json\/wp\/v2\/product\/4592\/revisions"}],"predecessor-version":[{"id":31578,"href":"https:\/\/dkn-technology.com\/fr\/wp-json\/wp\/v2\/product\/4592\/revisions\/31578"}],"wp:featuredmedia":[{"embeddable":true,"href":"https:\/\/dkn-technology.com\/fr\/wp-json\/wp\/v2\/media\/4034"}],"wp:attachment":[{"href":"https:\/\/dkn-technology.com\/fr\/wp-json\/wp\/v2\/media?parent=4592"}],"wp:term":[{"taxonomy":"product_brand","embeddable":true,"href":"https:\/\/dkn-technology.com\/fr\/wp-json\/wp\/v2\/product_brand?post=4592"},{"taxonomy":"product_cat","embeddable":true,"href":"https:\/\/dkn-technology.com\/fr\/wp-json\/wp\/v2\/product_cat?post=4592"},{"taxonomy":"product_tag","embeddable":true,"href":"https:\/\/dkn-technology.com\/fr\/wp-json\/wp\/v2\/product_tag?post=4592"}],"curies":[{"name":"wp","href":"https:\/\/api.w.org\/{rel}","templated":true}]}}