{"id":4595,"date":"2023-01-30T15:03:16","date_gmt":"2023-01-30T13:03:16","guid":{"rendered":"https:\/\/dkn-technology.com\/product\/dkn-treadmill-prorun\/"},"modified":"2025-09-22T11:04:47","modified_gmt":"2025-09-22T09:04:47","slug":"prorun","status":"publish","type":"product","link":"https:\/\/dkn-technology.com\/fr\/produit\/prorun\/","title":{"rendered":"ProRun"},"content":{"rendered":"<p data-start=\"92\" data-end=\"352\"><strong data-start=\"92\" data-end=\"109\">Performance :<\/strong><br data-start=\"109\" data-end=\"112\" \/>Le syst\u00e8me de moteur de nouvelle g\u00e9n\u00e9ration d\u00e9livre 4 HP AC en continu avec une puissance de pointe de 7 HP. Combin\u00e9 \u00e0 un moteur d\u2019inclinaison robuste, le ProRUN offre une plage de vitesse de 0,8 \u00e0 20 km\/h et une inclinaison jusqu\u2019\u00e0 21 %.<\/p>\n<p data-start=\"354\" data-end=\"436\">C\u2019est une plateforme d\u2019entra\u00eenement s\u00e9rieuse pour un travail complet et intense.<\/p>\n<p data-start=\"438\" data-end=\"773\"><strong data-start=\"438\" data-end=\"464\">Confort des coureurs :<\/strong><br data-start=\"464\" data-end=\"467\" \/>Avec une surface de course longue et large de 59 x 155 cm, un tapis de course \u00e0 absorption progressive des chocs et une bande orthop\u00e9dique de 3 mm d\u2019\u00e9paisseur, la s\u00e9curit\u00e9 et le confort ne sont pas que des concepts sur le ProRUN. Marcher ou courir sur le ProRUN est s\u00fbr pour vos muscles et articulations.<\/p>\n<p data-start=\"775\" data-end=\"1017\"><strong data-start=\"775\" data-end=\"791\">Silencieux :<\/strong><br data-start=\"791\" data-end=\"794\" \/>Le ProRUN a un niveau sonore 1\/3 inf\u00e9rieur \u00e0 celui d\u2019un tapis de course classique. Le pic maximal lors d\u2019un entra\u00eenement \u00e0 12 km\/h est de seulement 56 d\u00e9cibels, soit \u00e0 peu pr\u00e8s le niveau sonore d\u2019une conversation normale.<\/p>\n<p data-start=\"1019\" data-end=\"1172\"><strong data-start=\"1019\" data-end=\"1034\">Commandes :<\/strong><br data-start=\"1034\" data-end=\"1037\" \/>La console permet de modifier la vitesse et l\u2019inclinaison gr\u00e2ce \u00e0 des interrupteurs ergonomiquement positionn\u00e9s sur le panneau avant.<\/p>\n<p data-start=\"1174\" data-end=\"1350\">Ajustez votre vitesse et votre inclinaison en un seul geste. Les boutons One Touch Control permettent de r\u00e9gler directement la vitesse et l\u2019inclinaison d\u2019une simple pression.<\/p>\n<p data-start=\"1352\" data-end=\"1439\">Toutes les donn\u00e9es de votre entra\u00eenement sont affich\u00e9es sur diff\u00e9rentes fen\u00eatres LED.<\/p>\n<p data-start=\"1441\" data-end=\"1595\">La console LED affiche : un mode course manuelle, 12 programmes pr\u00e9configur\u00e9s, 3 profils utilisateur et 2 programmes de contr\u00f4le de fr\u00e9quence cardiaque.<\/p>\n<p data-start=\"1597\" data-end=\"1663\">Le ProRUN est livr\u00e9 de s\u00e9rie avec un ventilateur d\u2019entra\u00eenement.<\/p>\n","protected":false},"excerpt":{"rendered":"<div class=\"center-block col-xs-6 col-sm-7 col-md-6\">\n<div class=\"center-block col-xs-6 col-sm-7 col-md-6\">\n<p class=\"product-desc\">Inclinaison 21 %, moteur AC de nouvelle g\u00e9n\u00e9ration, puissance de pointe 7 HP : un vrai \u00ab Runner\u2019s High<\/p>\n<\/div>\n<\/div>\n","protected":false},"featured_media":9555,"template":"","meta":{"_acf_changed":false,"inline_featured_image":false,"_monsterinsights_skip_tracking":false,"_monsterinsights_sitenote_active":false,"_monsterinsights_sitenote_note":"","_monsterinsights_sitenote_category":0},"product_brand":[],"product_cat":[92],"product_tag":[],"class_list":{"0":"post-4595","1":"product","2":"type-product","3":"status-publish","4":"has-post-thumbnail","6":"product_cat-tapis-de-course","7":"product_shipping_class-jusqua-300-kg","9":"first","10":"instock","11":"taxable","12":"shipping-taxable","13":"purchasable","14":"product-type-variable","15":"has-default-attributes"},"acf":[],"yoast_head":"<!-- This site is optimized with the Yoast SEO plugin v27.3 - https:\/\/yoast.com\/product\/yoast-seo-wordpress\/ -->\n<title>ProRun - DKN-Technology<\/title>\n<meta name=\"robots\" content=\"index, follow, max-snippet:-1, max-image-preview:large, max-video-preview:-1\" \/>\n<link rel=\"canonical\" href=\"https:\/\/dkn-technology.com\/fr\/produit\/prorun\/\" \/>\n<meta property=\"og:locale\" content=\"fr_FR\" \/>\n<meta property=\"og:type\" content=\"article\" \/>\n<meta property=\"og:title\" content=\"ProRun - DKN-Technology\" \/>\n<meta property=\"og:description\" content=\"Inclinaison 21 %, moteur AC de nouvelle g\u00e9n\u00e9ration, puissance de pointe 7 HP : un vrai \u00ab Runner\u2019s High\" \/>\n<meta property=\"og:url\" content=\"https:\/\/dkn-technology.com\/fr\/produit\/prorun\/\" \/>\n<meta property=\"og:site_name\" content=\"DKN-Technology\" \/>\n<meta property=\"article:publisher\" content=\"https:\/\/www.facebook.com\/dkntechnology\/\" \/>\n<meta property=\"article:modified_time\" content=\"2025-09-22T09:04:47+00:00\" \/>\n<meta property=\"og:image\" content=\"https:\/\/dkn-technology.com\/wp-content\/uploads\/2023\/01\/Prorun-01.jpg\" \/>\n\t<meta property=\"og:image:width\" content=\"1067\" \/>\n\t<meta property=\"og:image:height\" content=\"1067\" \/>\n\t<meta property=\"og:image:type\" content=\"image\/jpeg\" \/>\n<meta name=\"twitter:card\" content=\"summary_large_image\" \/>\n<meta name=\"twitter:label1\" content=\"Dur\u00e9e de lecture estim\u00e9e\" \/>\n\t<meta name=\"twitter:data1\" content=\"2 minutes\" \/>\n<script type=\"application\/ld+json\" class=\"yoast-schema-graph\">{\"@context\":\"https:\\\/\\\/schema.org\",\"@graph\":[{\"@type\":\"WebPage\",\"@id\":\"https:\\\/\\\/dkn-technology.com\\\/fr\\\/produit\\\/prorun\\\/\",\"url\":\"https:\\\/\\\/dkn-technology.com\\\/fr\\\/produit\\\/prorun\\\/\",\"name\":\"ProRun - DKN-Technology\",\"isPartOf\":{\"@id\":\"https:\\\/\\\/dkn-technology.com\\\/#website\"},\"primaryImageOfPage\":{\"@id\":\"https:\\\/\\\/dkn-technology.com\\\/fr\\\/produit\\\/prorun\\\/#primaryimage\"},\"image\":{\"@id\":\"https:\\\/\\\/dkn-technology.com\\\/fr\\\/produit\\\/prorun\\\/#primaryimage\"},\"thumbnailUrl\":\"https:\\\/\\\/dkn-technology.com\\\/wp-content\\\/uploads\\\/2023\\\/01\\\/Prorun-01.jpg\",\"datePublished\":\"2023-01-30T13:03:16+00:00\",\"dateModified\":\"2025-09-22T09:04:47+00:00\",\"breadcrumb\":{\"@id\":\"https:\\\/\\\/dkn-technology.com\\\/fr\\\/produit\\\/prorun\\\/#breadcrumb\"},\"inLanguage\":\"fr-FR\",\"potentialAction\":[{\"@type\":\"ReadAction\",\"target\":[\"https:\\\/\\\/dkn-technology.com\\\/fr\\\/produit\\\/prorun\\\/\"]}]},{\"@type\":\"ImageObject\",\"inLanguage\":\"fr-FR\",\"@id\":\"https:\\\/\\\/dkn-technology.com\\\/fr\\\/produit\\\/prorun\\\/#primaryimage\",\"url\":\"https:\\\/\\\/dkn-technology.com\\\/wp-content\\\/uploads\\\/2023\\\/01\\\/Prorun-01.jpg\",\"contentUrl\":\"https:\\\/\\\/dkn-technology.com\\\/wp-content\\\/uploads\\\/2023\\\/01\\\/Prorun-01.jpg\",\"width\":1067,\"height\":1067},{\"@type\":\"BreadcrumbList\",\"@id\":\"https:\\\/\\\/dkn-technology.com\\\/fr\\\/produit\\\/prorun\\\/#breadcrumb\",\"itemListElement\":[{\"@type\":\"ListItem\",\"position\":1,\"name\":\"Home\",\"item\":\"https:\\\/\\\/dkn-technology.com\\\/nl\\\/\"},{\"@type\":\"ListItem\",\"position\":2,\"name\":\"Shop\",\"item\":\"https:\\\/\\\/dkn-technology.com\\\/fr\\\/shop\\\/\"},{\"@type\":\"ListItem\",\"position\":3,\"name\":\"ProRun\"}]},{\"@type\":\"WebSite\",\"@id\":\"https:\\\/\\\/dkn-technology.com\\\/#website\",\"url\":\"https:\\\/\\\/dkn-technology.com\\\/\",\"name\":\"DKN-Technology\",\"description\":\"Smart Fitness Solutions\",\"publisher\":{\"@id\":\"https:\\\/\\\/dkn-technology.com\\\/#organization\"},\"potentialAction\":[{\"@type\":\"SearchAction\",\"target\":{\"@type\":\"EntryPoint\",\"urlTemplate\":\"https:\\\/\\\/dkn-technology.com\\\/?s={search_term_string}\"},\"query-input\":{\"@type\":\"PropertyValueSpecification\",\"valueRequired\":true,\"valueName\":\"search_term_string\"}}],\"inLanguage\":\"fr-FR\"},{\"@type\":\"Organization\",\"@id\":\"https:\\\/\\\/dkn-technology.com\\\/#organization\",\"name\":\"DKN-Technology\",\"url\":\"https:\\\/\\\/dkn-technology.com\\\/\",\"logo\":{\"@type\":\"ImageObject\",\"inLanguage\":\"fr-FR\",\"@id\":\"https:\\\/\\\/dkn-technology.com\\\/#\\\/schema\\\/logo\\\/image\\\/\",\"url\":\"https:\\\/\\\/dkn-technology.com\\\/wp-content\\\/uploads\\\/2023\\\/01\\\/DKN-logo@4x.webp\",\"contentUrl\":\"https:\\\/\\\/dkn-technology.com\\\/wp-content\\\/uploads\\\/2023\\\/01\\\/DKN-logo@4x.webp\",\"width\":1933,\"height\":1029,\"caption\":\"DKN-Technology\"},\"image\":{\"@id\":\"https:\\\/\\\/dkn-technology.com\\\/#\\\/schema\\\/logo\\\/image\\\/\"},\"sameAs\":[\"https:\\\/\\\/www.facebook.com\\\/dkntechnology\\\/\",\"https:\\\/\\\/instagram.com\\\/dkntechnology\",\"https:\\\/\\\/www.youtube.com\\\/@DKN-Technology\",\"https:\\\/\\\/www.linkedin.com\\\/company\\\/dkn-technology-smart-fitness-solutions\"]}]}<\/script>\n<!-- \/ Yoast SEO plugin. -->","yoast_head_json":{"title":"ProRun - DKN-Technology","robots":{"index":"index","follow":"follow","max-snippet":"max-snippet:-1","max-image-preview":"max-image-preview:large","max-video-preview":"max-video-preview:-1"},"canonical":"https:\/\/dkn-technology.com\/fr\/produit\/prorun\/","og_locale":"fr_FR","og_type":"article","og_title":"ProRun - DKN-Technology","og_description":"Inclinaison 21 %, moteur AC de nouvelle g\u00e9n\u00e9ration, puissance de pointe 7 HP : un vrai \u00ab Runner\u2019s High","og_url":"https:\/\/dkn-technology.com\/fr\/produit\/prorun\/","og_site_name":"DKN-Technology","article_publisher":"https:\/\/www.facebook.com\/dkntechnology\/","article_modified_time":"2025-09-22T09:04:47+00:00","og_image":[{"width":1067,"height":1067,"url":"https:\/\/dkn-technology.com\/wp-content\/uploads\/2023\/01\/Prorun-01.jpg","type":"image\/jpeg"}],"twitter_card":"summary_large_image","twitter_misc":{"Dur\u00e9e de lecture estim\u00e9e":"2 minutes"},"schema":{"@context":"https:\/\/schema.org","@graph":[{"@type":"WebPage","@id":"https:\/\/dkn-technology.com\/fr\/produit\/prorun\/","url":"https:\/\/dkn-technology.com\/fr\/produit\/prorun\/","name":"ProRun - DKN-Technology","isPartOf":{"@id":"https:\/\/dkn-technology.com\/#website"},"primaryImageOfPage":{"@id":"https:\/\/dkn-technology.com\/fr\/produit\/prorun\/#primaryimage"},"image":{"@id":"https:\/\/dkn-technology.com\/fr\/produit\/prorun\/#primaryimage"},"thumbnailUrl":"https:\/\/dkn-technology.com\/wp-content\/uploads\/2023\/01\/Prorun-01.jpg","datePublished":"2023-01-30T13:03:16+00:00","dateModified":"2025-09-22T09:04:47+00:00","breadcrumb":{"@id":"https:\/\/dkn-technology.com\/fr\/produit\/prorun\/#breadcrumb"},"inLanguage":"fr-FR","potentialAction":[{"@type":"ReadAction","target":["https:\/\/dkn-technology.com\/fr\/produit\/prorun\/"]}]},{"@type":"ImageObject","inLanguage":"fr-FR","@id":"https:\/\/dkn-technology.com\/fr\/produit\/prorun\/#primaryimage","url":"https:\/\/dkn-technology.com\/wp-content\/uploads\/2023\/01\/Prorun-01.jpg","contentUrl":"https:\/\/dkn-technology.com\/wp-content\/uploads\/2023\/01\/Prorun-01.jpg","width":1067,"height":1067},{"@type":"BreadcrumbList","@id":"https:\/\/dkn-technology.com\/fr\/produit\/prorun\/#breadcrumb","itemListElement":[{"@type":"ListItem","position":1,"name":"Home","item":"https:\/\/dkn-technology.com\/nl\/"},{"@type":"ListItem","position":2,"name":"Shop","item":"https:\/\/dkn-technology.com\/fr\/shop\/"},{"@type":"ListItem","position":3,"name":"ProRun"}]},{"@type":"WebSite","@id":"https:\/\/dkn-technology.com\/#website","url":"https:\/\/dkn-technology.com\/","name":"DKN-Technology","description":"Smart Fitness Solutions","publisher":{"@id":"https:\/\/dkn-technology.com\/#organization"},"potentialAction":[{"@type":"SearchAction","target":{"@type":"EntryPoint","urlTemplate":"https:\/\/dkn-technology.com\/?s={search_term_string}"},"query-input":{"@type":"PropertyValueSpecification","valueRequired":true,"valueName":"search_term_string"}}],"inLanguage":"fr-FR"},{"@type":"Organization","@id":"https:\/\/dkn-technology.com\/#organization","name":"DKN-Technology","url":"https:\/\/dkn-technology.com\/","logo":{"@type":"ImageObject","inLanguage":"fr-FR","@id":"https:\/\/dkn-technology.com\/#\/schema\/logo\/image\/","url":"https:\/\/dkn-technology.com\/wp-content\/uploads\/2023\/01\/DKN-logo@4x.webp","contentUrl":"https:\/\/dkn-technology.com\/wp-content\/uploads\/2023\/01\/DKN-logo@4x.webp","width":1933,"height":1029,"caption":"DKN-Technology"},"image":{"@id":"https:\/\/dkn-technology.com\/#\/schema\/logo\/image\/"},"sameAs":["https:\/\/www.facebook.com\/dkntechnology\/","https:\/\/instagram.com\/dkntechnology","https:\/\/www.youtube.com\/@DKN-Technology","https:\/\/www.linkedin.com\/company\/dkn-technology-smart-fitness-solutions"]}]}},"_links":{"self":[{"href":"https:\/\/dkn-technology.com\/fr\/wp-json\/wp\/v2\/product\/4595","targetHints":{"allow":["GET"]}}],"collection":[{"href":"https:\/\/dkn-technology.com\/fr\/wp-json\/wp\/v2\/product"}],"about":[{"href":"https:\/\/dkn-technology.com\/fr\/wp-json\/wp\/v2\/types\/product"}],"version-history":[{"count":10,"href":"https:\/\/dkn-technology.com\/fr\/wp-json\/wp\/v2\/product\/4595\/revisions"}],"predecessor-version":[{"id":31557,"href":"https:\/\/dkn-technology.com\/fr\/wp-json\/wp\/v2\/product\/4595\/revisions\/31557"}],"wp:featuredmedia":[{"embeddable":true,"href":"https:\/\/dkn-technology.com\/fr\/wp-json\/wp\/v2\/media\/9555"}],"wp:attachment":[{"href":"https:\/\/dkn-technology.com\/fr\/wp-json\/wp\/v2\/media?parent=4595"}],"wp:term":[{"taxonomy":"product_brand","embeddable":true,"href":"https:\/\/dkn-technology.com\/fr\/wp-json\/wp\/v2\/product_brand?post=4595"},{"taxonomy":"product_cat","embeddable":true,"href":"https:\/\/dkn-technology.com\/fr\/wp-json\/wp\/v2\/product_cat?post=4595"},{"taxonomy":"product_tag","embeddable":true,"href":"https:\/\/dkn-technology.com\/fr\/wp-json\/wp\/v2\/product_tag?post=4595"}],"curies":[{"name":"wp","href":"https:\/\/api.w.org\/{rel}","templated":true}]}}